{"id":9810,"date":"2023-06-26T14:18:08","date_gmt":"2023-06-26T14:18:08","guid":{"rendered":"https:\/\/h2oplus.com.es\/productos\/non%20class\u00e9\/solution-plus-membrane-liquide\/"},"modified":"2024-05-14T15:55:27","modified_gmt":"2024-05-14T15:55:27","slug":"solution-plus-membrane-liquide","status":"publish","type":"product","link":"https:\/\/h2oplus.com.es\/fr\/productos\/traitements-techniques\/solution-plus-membrane-liquide\/","title":{"rendered":"SOLUTION PLUS membrane liquide"},"content":{"rendered":"\t\t<div data-elementor-type=\"wp-post\" data-elementor-id=\"9810\" class=\"elementor elementor-9810 elementor-8574\">\n\t\t\t\t\t\t<section class=\"wd-negative-gap elementor-section elementor-top-section elementor-element elementor-element-1dbb849f elementor-section-boxed elementor-section-height-default elementor-section-height-default\" data-id=\"1dbb849f\" data-element_type=\"section\">\n\t\t\t\t\t\t<div class=\"elementor-container elementor-column-gap-default\">\n\t\t\t\t\t<div class=\"elementor-column elementor-col-66 elementor-top-column elementor-element elementor-element-728530e5\" data-id=\"728530e5\" data-element_type=\"column\">\n\t\t\t<div class=\"elementor-widget-wrap elementor-element-populated\">\n\t\t\t\t\t\t<div class=\"elementor-element elementor-element-66c1ce35 wd-width-100 elementor-widget elementor-widget-wd_title\" data-id=\"66c1ce35\" data-element_type=\"widget\" data-widget_type=\"wd_title.default\">\n\t\t\t\t<div class=\"elementor-widget-container\">\n\t\t\t\t\t\t\t<div class=\"title-wrapper wd-set-mb reset-last-child wd-title-color-default wd-title-style-default wd-title-size-default text-left\">\n\n\t\t\t\n\t\t\t<div class=\"liner-continer\">\n\t\t\t\t<h3 class=\"woodmart-title-container title wd-fontsize-l\">\u00c9mulsion liquide modifi\u00e9e<\/h3> \n\t\t\t\t\t\t\t<\/div>\n\n\t\t\t\t\t<\/div>\n\t\t\t\t\t\t<\/div>\n\t\t\t\t<\/div>\n\t\t\t\t<div class=\"elementor-element elementor-element-642a3564 wd-width-100 elementor-widget elementor-widget-wd_title\" data-id=\"642a3564\" data-element_type=\"widget\" data-widget_type=\"wd_title.default\">\n\t\t\t\t<div class=\"elementor-widget-container\">\n\t\t\t\t\t\t\t<div class=\"title-wrapper wd-set-mb reset-last-child wd-title-color-default wd-title-style-default wd-title-size-default text-left\">\n\n\t\t\t\n\t\t\t<div class=\"liner-continer\">\n\t\t\t\t<h4 class=\"woodmart-title-container title wd-fontsize-l\">01. Description<\/h4> \n\t\t\t\t\t\t\t<\/div>\n\n\t\t\t\t\t\t\t<div class=\"title-after_title reset-last-child wd-fontsize-xs\">\n\t\t\t\t\t<p>Produit imperm\u00e9abilisant formul\u00e9 \u00e0 base d'\u00e9mulsions modifi\u00e9es avec des polym\u00e8res de diff\u00e9rentes natures, facile \u00e0 appliquer in situ, qui une fois vulcanis\u00e9 forme une membrane continue, sans coupures ni points de soudure, ce qui permet de garantir une parfaite imperm\u00e9abilisation de la surface, ainsi que l'\u00e9conomie de temps et d'argent que ce type d'application repr\u00e9sente par rapport \u00e0 l'utilisation d'autres produits.<\/p>\t\t\t\t<\/div>\n\t\t\t\t\t<\/div>\n\t\t\t\t\t\t<\/div>\n\t\t\t\t<\/div>\n\t\t\t\t<div class=\"elementor-element elementor-element-341362d0 wd-width-100 elementor-widget elementor-widget-wd_title\" data-id=\"341362d0\" data-element_type=\"widget\" data-widget_type=\"wd_title.default\">\n\t\t\t\t<div class=\"elementor-widget-container\">\n\t\t\t\t\t\t\t<div class=\"title-wrapper wd-set-mb reset-last-child wd-title-color-default wd-title-style-default wd-title-size-default text-left\">\n\n\t\t\t\n\t\t\t<div class=\"liner-continer\">\n\t\t\t\t<h4 class=\"woodmart-title-container title wd-fontsize-l\">02. Finition<\/h4> \n\t\t\t\t\t\t\t<\/div>\n\n\t\t\t\t\t\t\t<div class=\"title-after_title reset-last-child wd-fontsize-xs\">\n\t\t\t\t\t<p>Pour les r\u00e9novations, l'imperm\u00e9abilisation des toits, balcons, jardini\u00e8res, murs, fondations, terrasses avant le pavage ou la chape.<\/p>\t\t\t\t<\/div>\n\t\t\t\t\t<\/div>\n\t\t\t\t\t\t<\/div>\n\t\t\t\t<\/div>\n\t\t\t\t<div class=\"elementor-element elementor-element-3bd4e020 wd-width-100 elementor-widget elementor-widget-wd_title\" data-id=\"3bd4e020\" data-element_type=\"widget\" data-widget_type=\"wd_title.default\">\n\t\t\t\t<div class=\"elementor-widget-container\">\n\t\t\t\t\t\t\t<div class=\"title-wrapper wd-set-mb reset-last-child wd-title-color-default wd-title-style-default wd-title-size-default text-left\">\n\n\t\t\t\n\t\t\t<div class=\"liner-continer\">\n\t\t\t\t<h4 class=\"woodmart-title-container title wd-fontsize-l\">03. Mode d'emploi<\/h4> \n\t\t\t\t\t\t\t<\/div>\n\n\t\t\t\t\t\t\t<div class=\"title-after_title reset-last-child wd-fontsize-xs\">\n\t\t\t\t\t<p>La SOLUTION doit \u00eatre appliqu\u00e9e en deux ou trois couches, de pr\u00e9f\u00e9rence crois\u00e9es, jusqu'\u00e0 l'obtention d'une couche de 2 kg\/m2. Bien que son application soit simple, certaines r\u00e8gles et recommandations doivent \u00eatre prises en compte pour obtenir une imperm\u00e9abilisation optimale.<\/p>\t\t\t\t<\/div>\n\t\t\t\t\t<\/div>\n\t\t\t\t\t\t<\/div>\n\t\t\t\t<\/div>\n\t\t\t\t\t<\/div>\n\t\t<\/div>\n\t\t\t\t<div class=\"elementor-column elementor-col-33 elementor-top-column elementor-element elementor-element-493496fc\" data-id=\"493496fc\" data-element_type=\"column\">\n\t\t\t<div class=\"elementor-widget-wrap elementor-element-populated\">\n\t\t\t\t\t\t<div class=\"elementor-element elementor-element-273e9d66 elementor-widget elementor-widget-wd_button\" data-id=\"273e9d66\" data-element_type=\"widget\" data-widget_type=\"wd_button.default\">\n\t\t\t\t<div class=\"elementor-widget-container\">\n\t\t\t\t\t\t\t<div class=\"wd-button-wrapper text-center\" >\n\t\t\t<a class=\"btn btn-style-default btn-shape-round btn-size-default btn-color-primary btn-icon-pos-right\"  href=\"https:\/\/h2oplus.com.es\/wp-content\/uploads\/2023\/08\/FICHA-SOLUTION-1.pdf\" target=\"_blank\">\n\t\t\t\t<span class=\"wd-btn-text\" data-elementor-setting-key=\"text\">\n\t\t\t\t\tT\u00e9l\u00e9charger la fiche\t\t\t\t<\/span>\n\n\t\t\t\t\t\t\t<\/a>\n\t\t<\/div>\n\t\t\t\t\t\t<\/div>\n\t\t\t\t<\/div>\n\t\t\t\t\t<\/div>\n\t\t<\/div>\n\t\t\t\t\t<\/div>\n\t\t<\/section>\n\t\t\t\t<\/div>\n\t\t","protected":false},"excerpt":{"rendered":"<p>\u00c9mulsion liquide modifi\u00e9e 01. Description Produit imperm\u00e9abilisant formul\u00e9 \u00e0 base d&rsquo;\u00e9mulsions modifi\u00e9es avec des polym\u00e8res de diff\u00e9rentes natures, facile \u00e0<\/p>\n","protected":false},"featured_media":9657,"comment_status":"open","ping_status":"closed","template":"","meta":{"_joinchat":[]},"product_brand":[],"product_cat":[90],"product_tag":[],"class_list":{"0":"post-9810","1":"product","2":"type-product","3":"status-publish","4":"has-post-thumbnail","6":"product_cat-traitements-techniques","8":"first","9":"instock","10":"taxable","11":"shipping-taxable","12":"purchasable","13":"product-type-variable"},"yoast_head":"<!-- This site is optimized with the Yoast SEO plugin v24.5 - https:\/\/yoast.com\/wordpress\/plugins\/seo\/ -->\n<title>SOLUTION PLUS membrane liquide - h2oplus<\/title>\n<meta name=\"robots\" content=\"index, follow, max-snippet:-1, max-image-preview:large, max-video-preview:-1\" \/>\n<link rel=\"canonical\" href=\"https:\/\/h2oplus.com.es\/fr\/productos\/traitements-techniques\/solution-plus-membrane-liquide\/\" \/>\n<meta property=\"og:locale\" content=\"fr_FR\" \/>\n<meta property=\"og:type\" content=\"article\" \/>\n<meta property=\"og:title\" content=\"SOLUTION PLUS membrane liquide - h2oplus\" \/>\n<meta property=\"og:description\" content=\"\u00c9mulsion liquide modifi\u00e9e 01. Description Produit imperm\u00e9abilisant formul\u00e9 \u00e0 base d&rsquo;\u00e9mulsions modifi\u00e9es avec des polym\u00e8res de diff\u00e9rentes natures, facile \u00e0\" \/>\n<meta property=\"og:url\" content=\"https:\/\/h2oplus.com.es\/fr\/productos\/traitements-techniques\/solution-plus-membrane-liquide\/\" \/>\n<meta property=\"og:site_name\" content=\"h2oplus\" \/>\n<meta property=\"article:modified_time\" content=\"2024-05-14T15:55:27+00:00\" \/>\n<meta property=\"og:image\" content=\"https:\/\/h2oplus.com.es\/wp-content\/uploads\/2023\/06\/Solution_10_gro_Plus.webp\" \/>\n\t<meta property=\"og:image:width\" content=\"960\" \/>\n\t<meta property=\"og:image:height\" content=\"960\" \/>\n\t<meta property=\"og:image:type\" content=\"image\/webp\" \/>\n<meta name=\"twitter:card\" content=\"summary_large_image\" \/>\n<meta name=\"twitter:label1\" content=\"Dur\u00e9e de lecture estim\u00e9e\" \/>\n\t<meta name=\"twitter:data1\" content=\"1 minute\" \/>\n<script type=\"application\/ld+json\" class=\"yoast-schema-graph\">{\"@context\":\"https:\/\/schema.org\",\"@graph\":[{\"@type\":\"WebPage\",\"@id\":\"https:\/\/h2oplus.com.es\/fr\/productos\/traitements-techniques\/solution-plus-membrane-liquide\/\",\"url\":\"https:\/\/h2oplus.com.es\/fr\/productos\/traitements-techniques\/solution-plus-membrane-liquide\/\",\"name\":\"SOLUTION PLUS membrane liquide - h2oplus\",\"isPartOf\":{\"@id\":\"https:\/\/h2oplus.com.es\/fr\/#website\"},\"primaryImageOfPage\":{\"@id\":\"https:\/\/h2oplus.com.es\/fr\/productos\/traitements-techniques\/solution-plus-membrane-liquide\/#primaryimage\"},\"image\":{\"@id\":\"https:\/\/h2oplus.com.es\/fr\/productos\/traitements-techniques\/solution-plus-membrane-liquide\/#primaryimage\"},\"thumbnailUrl\":\"https:\/\/h2oplus.com.es\/wp-content\/uploads\/2023\/06\/Solution_10_gro_Plus.webp\",\"datePublished\":\"2023-06-26T14:18:08+00:00\",\"dateModified\":\"2024-05-14T15:55:27+00:00\",\"breadcrumb\":{\"@id\":\"https:\/\/h2oplus.com.es\/fr\/productos\/traitements-techniques\/solution-plus-membrane-liquide\/#breadcrumb\"},\"inLanguage\":\"fr-FR\",\"potentialAction\":[{\"@type\":\"ReadAction\",\"target\":[\"https:\/\/h2oplus.com.es\/fr\/productos\/traitements-techniques\/solution-plus-membrane-liquide\/\"]}]},{\"@type\":\"ImageObject\",\"inLanguage\":\"fr-FR\",\"@id\":\"https:\/\/h2oplus.com.es\/fr\/productos\/traitements-techniques\/solution-plus-membrane-liquide\/#primaryimage\",\"url\":\"https:\/\/h2oplus.com.es\/wp-content\/uploads\/2023\/06\/Solution_10_gro_Plus.webp\",\"contentUrl\":\"https:\/\/h2oplus.com.es\/wp-content\/uploads\/2023\/06\/Solution_10_gro_Plus.webp\",\"width\":960,\"height\":960},{\"@type\":\"BreadcrumbList\",\"@id\":\"https:\/\/h2oplus.com.es\/fr\/productos\/traitements-techniques\/solution-plus-membrane-liquide\/#breadcrumb\",\"itemListElement\":[{\"@type\":\"ListItem\",\"position\":1,\"name\":\"Portada\",\"item\":\"https:\/\/h2oplus.com.es\/fr\/\"},{\"@type\":\"ListItem\",\"position\":2,\"name\":\"Boutique\",\"item\":\"https:\/\/h2oplus.com.es\/fr\/boutique\/\"},{\"@type\":\"ListItem\",\"position\":3,\"name\":\"SOLUTION PLUS membrane liquide\"}]},{\"@type\":\"WebSite\",\"@id\":\"https:\/\/h2oplus.com.es\/fr\/#website\",\"url\":\"https:\/\/h2oplus.com.es\/fr\/\",\"name\":\"h2oplus\",\"description\":\"Pinturas y tratamientos especiales para una construcci\u00f3n sostenible\",\"potentialAction\":[{\"@type\":\"SearchAction\",\"target\":{\"@type\":\"EntryPoint\",\"urlTemplate\":\"https:\/\/h2oplus.com.es\/fr\/?s={search_term_string}\"},\"query-input\":{\"@type\":\"PropertyValueSpecification\",\"valueRequired\":true,\"valueName\":\"search_term_string\"}}],\"inLanguage\":\"fr-FR\"}]}<\/script>\n<!-- \/ Yoast SEO plugin. -->","yoast_head_json":{"title":"SOLUTION PLUS membrane liquide - h2oplus","robots":{"index":"index","follow":"follow","max-snippet":"max-snippet:-1","max-image-preview":"max-image-preview:large","max-video-preview":"max-video-preview:-1"},"canonical":"https:\/\/h2oplus.com.es\/fr\/productos\/traitements-techniques\/solution-plus-membrane-liquide\/","og_locale":"fr_FR","og_type":"article","og_title":"SOLUTION PLUS membrane liquide - h2oplus","og_description":"\u00c9mulsion liquide modifi\u00e9e 01. Description Produit imperm\u00e9abilisant formul\u00e9 \u00e0 base d&rsquo;\u00e9mulsions modifi\u00e9es avec des polym\u00e8res de diff\u00e9rentes natures, facile \u00e0","og_url":"https:\/\/h2oplus.com.es\/fr\/productos\/traitements-techniques\/solution-plus-membrane-liquide\/","og_site_name":"h2oplus","article_modified_time":"2024-05-14T15:55:27+00:00","og_image":[{"width":960,"height":960,"url":"https:\/\/h2oplus.com.es\/wp-content\/uploads\/2023\/06\/Solution_10_gro_Plus.webp","type":"image\/webp"}],"twitter_card":"summary_large_image","twitter_misc":{"Dur\u00e9e de lecture estim\u00e9e":"1 minute"},"schema":{"@context":"https:\/\/schema.org","@graph":[{"@type":"WebPage","@id":"https:\/\/h2oplus.com.es\/fr\/productos\/traitements-techniques\/solution-plus-membrane-liquide\/","url":"https:\/\/h2oplus.com.es\/fr\/productos\/traitements-techniques\/solution-plus-membrane-liquide\/","name":"SOLUTION PLUS membrane liquide - h2oplus","isPartOf":{"@id":"https:\/\/h2oplus.com.es\/fr\/#website"},"primaryImageOfPage":{"@id":"https:\/\/h2oplus.com.es\/fr\/productos\/traitements-techniques\/solution-plus-membrane-liquide\/#primaryimage"},"image":{"@id":"https:\/\/h2oplus.com.es\/fr\/productos\/traitements-techniques\/solution-plus-membrane-liquide\/#primaryimage"},"thumbnailUrl":"https:\/\/h2oplus.com.es\/wp-content\/uploads\/2023\/06\/Solution_10_gro_Plus.webp","datePublished":"2023-06-26T14:18:08+00:00","dateModified":"2024-05-14T15:55:27+00:00","breadcrumb":{"@id":"https:\/\/h2oplus.com.es\/fr\/productos\/traitements-techniques\/solution-plus-membrane-liquide\/#breadcrumb"},"inLanguage":"fr-FR","potentialAction":[{"@type":"ReadAction","target":["https:\/\/h2oplus.com.es\/fr\/productos\/traitements-techniques\/solution-plus-membrane-liquide\/"]}]},{"@type":"ImageObject","inLanguage":"fr-FR","@id":"https:\/\/h2oplus.com.es\/fr\/productos\/traitements-techniques\/solution-plus-membrane-liquide\/#primaryimage","url":"https:\/\/h2oplus.com.es\/wp-content\/uploads\/2023\/06\/Solution_10_gro_Plus.webp","contentUrl":"https:\/\/h2oplus.com.es\/wp-content\/uploads\/2023\/06\/Solution_10_gro_Plus.webp","width":960,"height":960},{"@type":"BreadcrumbList","@id":"https:\/\/h2oplus.com.es\/fr\/productos\/traitements-techniques\/solution-plus-membrane-liquide\/#breadcrumb","itemListElement":[{"@type":"ListItem","position":1,"name":"Portada","item":"https:\/\/h2oplus.com.es\/fr\/"},{"@type":"ListItem","position":2,"name":"Boutique","item":"https:\/\/h2oplus.com.es\/fr\/boutique\/"},{"@type":"ListItem","position":3,"name":"SOLUTION PLUS membrane liquide"}]},{"@type":"WebSite","@id":"https:\/\/h2oplus.com.es\/fr\/#website","url":"https:\/\/h2oplus.com.es\/fr\/","name":"h2oplus","description":"Pinturas y tratamientos especiales para una construcci\u00f3n sostenible","potentialAction":[{"@type":"SearchAction","target":{"@type":"EntryPoint","urlTemplate":"https:\/\/h2oplus.com.es\/fr\/?s={search_term_string}"},"query-input":{"@type":"PropertyValueSpecification","valueRequired":true,"valueName":"search_term_string"}}],"inLanguage":"fr-FR"}]}},"_links":{"self":[{"href":"https:\/\/h2oplus.com.es\/fr\/wp-json\/wp\/v2\/product\/9810","targetHints":{"allow":["GET"]}}],"collection":[{"href":"https:\/\/h2oplus.com.es\/fr\/wp-json\/wp\/v2\/product"}],"about":[{"href":"https:\/\/h2oplus.com.es\/fr\/wp-json\/wp\/v2\/types\/product"}],"replies":[{"embeddable":true,"href":"https:\/\/h2oplus.com.es\/fr\/wp-json\/wp\/v2\/comments?post=9810"}],"version-history":[{"count":3,"href":"https:\/\/h2oplus.com.es\/fr\/wp-json\/wp\/v2\/product\/9810\/revisions"}],"predecessor-version":[{"id":9817,"href":"https:\/\/h2oplus.com.es\/fr\/wp-json\/wp\/v2\/product\/9810\/revisions\/9817"}],"wp:featuredmedia":[{"embeddable":true,"href":"https:\/\/h2oplus.com.es\/fr\/wp-json\/wp\/v2\/media\/9657"}],"wp:attachment":[{"href":"https:\/\/h2oplus.com.es\/fr\/wp-json\/wp\/v2\/media?parent=9810"}],"wp:term":[{"taxonomy":"product_brand","embeddable":true,"href":"https:\/\/h2oplus.com.es\/fr\/wp-json\/wp\/v2\/product_brand?post=9810"},{"taxonomy":"product_cat","embeddable":true,"href":"https:\/\/h2oplus.com.es\/fr\/wp-json\/wp\/v2\/product_cat?post=9810"},{"taxonomy":"product_tag","embeddable":true,"href":"https:\/\/h2oplus.com.es\/fr\/wp-json\/wp\/v2\/product_tag?post=9810"}],"curies":[{"name":"wp","href":"https:\/\/api.w.org\/{rel}","templated":true}]}}