{"id":9752,"date":"2023-07-07T10:43:23","date_gmt":"2023-07-07T10:43:23","guid":{"rendered":"https:\/\/h2oplus.com.es\/plan-du-site\/"},"modified":"2024-05-14T15:46:01","modified_gmt":"2024-05-14T15:46:01","slug":"plan-du-site","status":"publish","type":"page","link":"https:\/\/h2oplus.com.es\/fr\/plan-du-site\/","title":{"rendered":"Plan du site"},"content":{"rendered":"\t\t<div data-elementor-type=\"wp-page\" data-elementor-id=\"9752\" class=\"elementor elementor-9752 elementor-8854\">\n\t\t\t\t\t\t<section class=\"wd-negative-gap elementor-section elementor-top-section elementor-element elementor-element-3cd242e elementor-section-boxed elementor-section-height-default elementor-section-height-default\" data-id=\"3cd242e\" data-element_type=\"section\">\n\t\t\t\t\t\t<div class=\"elementor-container elementor-column-gap-default\">\n\t\t\t\t\t<div class=\"elementor-column elementor-col-100 elementor-top-column elementor-element elementor-element-3d300aa\" data-id=\"3d300aa\" data-element_type=\"column\">\n\t\t\t<div class=\"elementor-widget-wrap elementor-element-populated\">\n\t\t\t\t\t\t<div class=\"elementor-element elementor-element-fd6802a elementor-widget elementor-widget-wd_text_block\" data-id=\"fd6802a\" data-element_type=\"widget\" data-widget_type=\"wd_text_block.default\">\n\t\t\t\t<div class=\"elementor-widget-container\">\n\t\t\t\t\t\t\t<div class=\"wd-text-block reset-last-child text-left\">\n\t\t\t\n\t\t\t<div class=\"wsp-container\"><h2 class=\"wsp-pages-title\">Pages<\/h2>\n<ul class=\"wsp-pages-list\">\n<li class=\"page_item page-item-9756\"><a href=\"https:\/\/h2oplus.com.es\/fr\/a-propos-de-nous\/\">A propos de nous<\/a><\/li>\n<li class=\"page_item page-item-9742\"><a href=\"https:\/\/h2oplus.com.es\/fr\/accessibilite\/\">Accessibilit\u00e9<\/a><\/li>\n<li class=\"page_item page-item-9748\"><a href=\"https:\/\/h2oplus.com.es\/fr\/\">Accueil<\/a><\/li>\n<li class=\"page_item page-item-9744\"><a href=\"https:\/\/h2oplus.com.es\/fr\/avis-juridique\/\">Avis juridique<\/a><\/li>\n<li class=\"page_item page-item-9511\"><a href=\"https:\/\/h2oplus.com.es\/fr\/boutique\/\">Boutique<\/a><\/li>\n<li class=\"page_item page-item-9746\"><a href=\"https:\/\/h2oplus.com.es\/fr\/contact\/\">Contact<\/a><\/li>\n<li class=\"page_item page-item-9752\"><a href=\"https:\/\/h2oplus.com.es\/fr\/plan-du-site\/\">Plan du site<\/a><\/li>\n<li class=\"page_item page-item-9754\"><a href=\"https:\/\/h2oplus.com.es\/fr\/politique-de-confidentialite\/\">Politique de confidentialit\u00e9<\/a><\/li>\n<li class=\"page_item page-item-9885\"><a href=\"https:\/\/h2oplus.com.es\/fr\/politique-en-matiere-de-cookies\/\">Politique en mati\u00e8re de cookies<\/a><\/li>\n<\/ul>\n<\/div>\n\t\t\t\t\t<\/div>\n\t\t\t\t\t\t<\/div>\n\t\t\t\t<\/div>\n\t\t\t\t\t<\/div>\n\t\t<\/div>\n\t\t\t\t\t<\/div>\n\t\t<\/section>\n\t\t\t\t<\/div>\n\t\t","protected":false},"excerpt":{"rendered":"<p>P\u00e1ginas Accesibilidad Aviso legal Contacto Inicio Mapa web Pol\u00edtica de cookies Pol\u00edtica de privacidad Productos Sobre nosotros<\/p>\n","protected":false},"author":1,"featured_media":0,"parent":0,"menu_order":0,"comment_status":"closed","ping_status":"closed","template":"","meta":{"_joinchat":[],"footnotes":""},"class_list":["post-9752","page","type-page","status-publish","hentry"],"yoast_head":"<!-- This site is optimized with the Yoast SEO plugin v24.5 - https:\/\/yoast.com\/wordpress\/plugins\/seo\/ -->\n<title>Plan du site - h2oplus<\/title>\n<meta name=\"robots\" content=\"index, follow, max-snippet:-1, max-image-preview:large, max-video-preview:-1\" \/>\n<link rel=\"canonical\" href=\"https:\/\/h2oplus.com.es\/fr\/plan-du-site\/\" \/>\n<meta property=\"og:locale\" content=\"fr_FR\" \/>\n<meta property=\"og:type\" content=\"article\" \/>\n<meta property=\"og:title\" content=\"Plan du site - h2oplus\" \/>\n<meta property=\"og:description\" content=\"P\u00e1ginas Accesibilidad Aviso legal Contacto Inicio Mapa web Pol\u00edtica de cookies Pol\u00edtica de privacidad Productos Sobre nosotros\" \/>\n<meta property=\"og:url\" content=\"https:\/\/h2oplus.com.es\/fr\/plan-du-site\/\" \/>\n<meta property=\"og:site_name\" content=\"h2oplus\" \/>\n<meta property=\"article:modified_time\" content=\"2024-05-14T15:46:01+00:00\" \/>\n<meta name=\"twitter:card\" content=\"summary_large_image\" \/>\n<script type=\"application\/ld+json\" class=\"yoast-schema-graph\">{\"@context\":\"https:\/\/schema.org\",\"@graph\":[{\"@type\":\"WebPage\",\"@id\":\"https:\/\/h2oplus.com.es\/fr\/plan-du-site\/\",\"url\":\"https:\/\/h2oplus.com.es\/fr\/plan-du-site\/\",\"name\":\"Plan du site - h2oplus\",\"isPartOf\":{\"@id\":\"https:\/\/h2oplus.com.es\/fr\/#website\"},\"datePublished\":\"2023-07-07T10:43:23+00:00\",\"dateModified\":\"2024-05-14T15:46:01+00:00\",\"breadcrumb\":{\"@id\":\"https:\/\/h2oplus.com.es\/fr\/plan-du-site\/#breadcrumb\"},\"inLanguage\":\"fr-FR\",\"potentialAction\":[{\"@type\":\"ReadAction\",\"target\":[\"https:\/\/h2oplus.com.es\/fr\/plan-du-site\/\"]}]},{\"@type\":\"BreadcrumbList\",\"@id\":\"https:\/\/h2oplus.com.es\/fr\/plan-du-site\/#breadcrumb\",\"itemListElement\":[{\"@type\":\"ListItem\",\"position\":1,\"name\":\"Portada\",\"item\":\"https:\/\/h2oplus.com.es\/fr\/\"},{\"@type\":\"ListItem\",\"position\":2,\"name\":\"Plan du site\"}]},{\"@type\":\"WebSite\",\"@id\":\"https:\/\/h2oplus.com.es\/fr\/#website\",\"url\":\"https:\/\/h2oplus.com.es\/fr\/\",\"name\":\"h2oplus\",\"description\":\"Pinturas y tratamientos especiales para una construcci\u00f3n sostenible\",\"potentialAction\":[{\"@type\":\"SearchAction\",\"target\":{\"@type\":\"EntryPoint\",\"urlTemplate\":\"https:\/\/h2oplus.com.es\/fr\/?s={search_term_string}\"},\"query-input\":{\"@type\":\"PropertyValueSpecification\",\"valueRequired\":true,\"valueName\":\"search_term_string\"}}],\"inLanguage\":\"fr-FR\"}]}<\/script>\n<!-- \/ Yoast SEO plugin. -->","yoast_head_json":{"title":"Plan du site - h2oplus","robots":{"index":"index","follow":"follow","max-snippet":"max-snippet:-1","max-image-preview":"max-image-preview:large","max-video-preview":"max-video-preview:-1"},"canonical":"https:\/\/h2oplus.com.es\/fr\/plan-du-site\/","og_locale":"fr_FR","og_type":"article","og_title":"Plan du site - h2oplus","og_description":"P\u00e1ginas Accesibilidad Aviso legal Contacto Inicio Mapa web Pol\u00edtica de cookies Pol\u00edtica de privacidad Productos Sobre nosotros","og_url":"https:\/\/h2oplus.com.es\/fr\/plan-du-site\/","og_site_name":"h2oplus","article_modified_time":"2024-05-14T15:46:01+00:00","twitter_card":"summary_large_image","schema":{"@context":"https:\/\/schema.org","@graph":[{"@type":"WebPage","@id":"https:\/\/h2oplus.com.es\/fr\/plan-du-site\/","url":"https:\/\/h2oplus.com.es\/fr\/plan-du-site\/","name":"Plan du site - h2oplus","isPartOf":{"@id":"https:\/\/h2oplus.com.es\/fr\/#website"},"datePublished":"2023-07-07T10:43:23+00:00","dateModified":"2024-05-14T15:46:01+00:00","breadcrumb":{"@id":"https:\/\/h2oplus.com.es\/fr\/plan-du-site\/#breadcrumb"},"inLanguage":"fr-FR","potentialAction":[{"@type":"ReadAction","target":["https:\/\/h2oplus.com.es\/fr\/plan-du-site\/"]}]},{"@type":"BreadcrumbList","@id":"https:\/\/h2oplus.com.es\/fr\/plan-du-site\/#breadcrumb","itemListElement":[{"@type":"ListItem","position":1,"name":"Portada","item":"https:\/\/h2oplus.com.es\/fr\/"},{"@type":"ListItem","position":2,"name":"Plan du site"}]},{"@type":"WebSite","@id":"https:\/\/h2oplus.com.es\/fr\/#website","url":"https:\/\/h2oplus.com.es\/fr\/","name":"h2oplus","description":"Pinturas y tratamientos especiales para una construcci\u00f3n sostenible","potentialAction":[{"@type":"SearchAction","target":{"@type":"EntryPoint","urlTemplate":"https:\/\/h2oplus.com.es\/fr\/?s={search_term_string}"},"query-input":{"@type":"PropertyValueSpecification","valueRequired":true,"valueName":"search_term_string"}}],"inLanguage":"fr-FR"}]}},"_links":{"self":[{"href":"https:\/\/h2oplus.com.es\/fr\/wp-json\/wp\/v2\/pages\/9752","targetHints":{"allow":["GET"]}}],"collection":[{"href":"https:\/\/h2oplus.com.es\/fr\/wp-json\/wp\/v2\/pages"}],"about":[{"href":"https:\/\/h2oplus.com.es\/fr\/wp-json\/wp\/v2\/types\/page"}],"author":[{"embeddable":true,"href":"https:\/\/h2oplus.com.es\/fr\/wp-json\/wp\/v2\/users\/1"}],"replies":[{"embeddable":true,"href":"https:\/\/h2oplus.com.es\/fr\/wp-json\/wp\/v2\/comments?post=9752"}],"version-history":[{"count":1,"href":"https:\/\/h2oplus.com.es\/fr\/wp-json\/wp\/v2\/pages\/9752\/revisions"}],"predecessor-version":[{"id":9753,"href":"https:\/\/h2oplus.com.es\/fr\/wp-json\/wp\/v2\/pages\/9752\/revisions\/9753"}],"wp:attachment":[{"href":"https:\/\/h2oplus.com.es\/fr\/wp-json\/wp\/v2\/media?parent=9752"}],"curies":[{"name":"wp","href":"https:\/\/api.w.org\/{rel}","templated":true}]}}