{"id":9746,"date":"2021-10-12T16:27:24","date_gmt":"2021-10-12T16:27:24","guid":{"rendered":"https:\/\/h2oplus.com.es\/contact\/"},"modified":"2024-05-14T15:59:54","modified_gmt":"2024-05-14T15:59:54","slug":"contact","status":"publish","type":"page","link":"https:\/\/h2oplus.com.es\/fr\/contact\/","title":{"rendered":"Contact"},"content":{"rendered":"\t\t<div data-elementor-type=\"wp-page\" data-elementor-id=\"9746\" class=\"elementor elementor-9746 elementor-4439\">\n\t\t\t\t\t\t<section class=\"wd-negative-gap elementor-section elementor-top-section elementor-element elementor-element-162e83be elementor-reverse-mobile elementor-section-boxed elementor-section-height-default elementor-section-height-default\" data-id=\"162e83be\" data-element_type=\"section\">\n\t\t\t\t\t\t<div class=\"elementor-container elementor-column-gap-default\">\n\t\t\t\t\t<div class=\"elementor-column elementor-col-50 elementor-top-column elementor-element elementor-element-7fbbfa10\" data-id=\"7fbbfa10\" data-element_type=\"column\">\n\t\t\t<div class=\"elementor-widget-wrap elementor-element-populated\">\n\t\t\t\t\t\t<div class=\"elementor-element elementor-element-2e3656cf wd-width-100 elementor-widget elementor-widget-wd_title\" data-id=\"2e3656cf\" data-element_type=\"widget\" data-widget_type=\"wd_title.default\">\n\t\t\t\t<div class=\"elementor-widget-container\">\n\t\t\t\t\t\t\t<div class=\"title-wrapper wd-set-mb reset-last-child wd-title-color-primary wd-title-style-default wd-title-size-large text-left\">\n\n\t\t\t\t\t\t\t\t\t\t\t<div class=\"title-subtitle subtitle-color-primary subtitle-style-default wd-fontsize-xs\">\n\t\t\t\t\th2oplus\t\t\t\t<\/div>\n\t\t\t\n\t\t\t<div class=\"liner-continer\">\n\t\t\t\t<h1 class=\"woodmart-title-container title wd-fontsize-xxl wd-underline-colored\">Contactez <u>nous<\/u><\/h1> \n\t\t\t\t\t\t\t<\/div>\n\n\t\t\t\t\t<\/div>\n\t\t\t\t\t\t<\/div>\n\t\t\t\t<\/div>\n\t\t\t\t\t<\/div>\n\t\t<\/div>\n\t\t\t\t<div class=\"elementor-column elementor-col-50 elementor-top-column elementor-element elementor-element-e1db8c0\" data-id=\"e1db8c0\" data-element_type=\"column\">\n\t\t\t<div class=\"elementor-widget-wrap elementor-element-populated\">\n\t\t\t\t\t\t<div class=\"elementor-element elementor-element-045103f elementor-widget elementor-widget-image\" data-id=\"045103f\" data-element_type=\"widget\" data-widget_type=\"image.default\">\n\t\t\t\t<div class=\"elementor-widget-container\">\n\t\t\t\t\t\t\t\t\t\t\t\t\t\t\t<img decoding=\"async\" width=\"150\" height=\"150\" src=\"https:\/\/h2oplus.com.es\/wp-content\/uploads\/2021\/10\/img-ecolabel-sombra-150x150.webp\" class=\"attachment-thumbnail size-thumbnail wp-image-9740\" alt=\"\" srcset=\"https:\/\/h2oplus.com.es\/wp-content\/uploads\/2021\/10\/img-ecolabel-sombra-150x150.webp 150w, https:\/\/h2oplus.com.es\/wp-content\/uploads\/2021\/10\/img-ecolabel-sombra-300x300.webp 300w, https:\/\/h2oplus.com.es\/wp-content\/uploads\/2021\/10\/img-ecolabel-sombra-430x430.webp 430w, https:\/\/h2oplus.com.es\/wp-content\/uploads\/2021\/10\/img-ecolabel-sombra-700x700.webp 700w, https:\/\/h2oplus.com.es\/wp-content\/uploads\/2021\/10\/img-ecolabel-sombra.webp 741w\" sizes=\"(max-width: 150px) 100vw, 150px\" \/>\t\t\t\t\t\t\t\t\t\t\t\t\t\t\t<\/div>\n\t\t\t\t<\/div>\n\t\t\t\t\t<\/div>\n\t\t<\/div>\n\t\t\t\t\t<\/div>\n\t\t<\/section>\n\t\t\t\t<section class=\"wd-negative-gap elementor-section elementor-top-section elementor-element elementor-element-3f92bed6 elementor-section-boxed elementor-section-height-default elementor-section-height-default\" data-id=\"3f92bed6\" data-element_type=\"section\">\n\t\t\t\t\t\t<div class=\"elementor-container elementor-column-gap-default\">\n\t\t\t\t\t<div class=\"elementor-column elementor-col-50 elementor-top-column elementor-element elementor-element-5727de3f\" data-id=\"5727de3f\" data-element_type=\"column\">\n\t\t\t<div class=\"elementor-widget-wrap elementor-element-populated\">\n\t\t\t\t\t\t<div class=\"elementor-element elementor-element-16908b9 wd-width-100 elementor-widget elementor-widget-wd_title\" data-id=\"16908b9\" data-element_type=\"widget\" data-widget_type=\"wd_title.default\">\n\t\t\t\t<div class=\"elementor-widget-container\">\n\t\t\t\t\t\t\t<div class=\"title-wrapper wd-set-mb reset-last-child wd-title-color-default wd-title-style-default wd-title-size-default text-left\">\n\n\t\t\t\n\t\t\t<div class=\"liner-continer\">\n\t\t\t\t<h4 class=\"woodmart-title-container title wd-fontsize-l\">USINE<\/h4> \n\t\t\t\t\t\t\t<\/div>\n\n\t\t\t\t\t<\/div>\n\t\t\t\t\t\t<\/div>\n\t\t\t\t<\/div>\n\t\t\t\t<div class=\"elementor-element elementor-element-434b4ba elementor-widget elementor-widget-html\" data-id=\"434b4ba\" data-element_type=\"widget\" data-widget_type=\"html.default\">\n\t\t\t\t<div class=\"elementor-widget-container\">\n\t\t\t\t\t<iframe src=\"https:\/\/www.google.com\/maps\/embed?pb=!1m18!1m12!1m3!1d2988.4640841661017!2d2.3463831756052422!3d41.49421688936266!2m3!1f0!2f0!3f0!3m2!1i1024!2i768!4f13.1!3m3!1m2!1s0x12a4b12c4e110ceb%3A0xec7cc17ccb6a8ed5!2sCam%C3%AD%20del%20Mig%2C%2034%2C%2008338%20Premi%C3%A0%20de%20Mar%2C%20Barcelona!5e0!3m2!1ses!2ses!4v1701102866680!5m2!1ses!2ses\" width=\"100%\" height=\"400\" style=\"border:0;\" allowfullscreen=\"\" loading=\"lazy\" referrerpolicy=\"no-referrer-when-downgrade\"><\/iframe>\t\t\t\t<\/div>\n\t\t\t\t<\/div>\n\t\t\t\t\t<\/div>\n\t\t<\/div>\n\t\t\t\t<div class=\"elementor-column elementor-col-50 elementor-top-column elementor-element elementor-element-d17d58f\" data-id=\"d17d58f\" data-element_type=\"column\">\n\t\t\t<div class=\"elementor-widget-wrap elementor-element-populated\">\n\t\t\t\t\t\t<div class=\"elementor-element elementor-element-3c36aab5 wd-width-100 elementor-widget elementor-widget-wd_title\" data-id=\"3c36aab5\" data-element_type=\"widget\" data-widget_type=\"wd_title.default\">\n\t\t\t\t<div class=\"elementor-widget-container\">\n\t\t\t\t\t\t\t<div class=\"title-wrapper wd-set-mb reset-last-child wd-title-color-default wd-title-style-default wd-title-size-default text-left\">\n\n\t\t\t\n\t\t\t<div class=\"liner-continer\">\n\t\t\t\t<h4 class=\"woodmart-title-container title wd-fontsize-l\">GESTION COMMERCIALE ET ADMINISTRATION<\/h4> \n\t\t\t\t\t\t\t<\/div>\n\n\t\t\t\t\t<\/div>\n\t\t\t\t\t\t<\/div>\n\t\t\t\t<\/div>\n\t\t\t\t<div class=\"elementor-element elementor-element-f7c00f7 elementor-widget elementor-widget-html\" data-id=\"f7c00f7\" data-element_type=\"widget\" data-widget_type=\"html.default\">\n\t\t\t\t<div class=\"elementor-widget-container\">\n\t\t\t\t\t<iframe src=\"https:\/\/www.google.com\/maps\/embed?pb=!1m18!1m12!1m3!1d2988.471323820092!2d2.3460150758021743!3d41.49405997128659!2m3!1f0!2f0!3f0!3m2!1i1024!2i768!4f13.1!3m3!1m2!1s0x12a4b12c45a2ad5d%3A0xd5bb5f0f7137c450!2sCarrer%20de%20Suissa%2C%2036%2C%2008338%20Premi%C3%A0%20de%20Dalt%2C%20Barcelona!5e0!3m2!1ses!2ses!4v1688461328273!5m2!1ses!2ses\" width=\"100%\" height=\"400\" style=\"border:0;\" allowfullscreen=\"\" loading=\"lazy\" referrerpolicy=\"no-referrer-when-downgrade\"><\/iframe>\t\t\t\t<\/div>\n\t\t\t\t<\/div>\n\t\t\t\t\t<\/div>\n\t\t<\/div>\n\t\t\t\t\t<\/div>\n\t\t<\/section>\n\t\t\t\t<section class=\"elementor-section elementor-top-section elementor-element elementor-element-dbdccff elementor-section-boxed elementor-section-height-default elementor-section-height-default\" data-id=\"dbdccff\" data-element_type=\"section\">\n\t\t\t\t\t\t<div class=\"elementor-container elementor-column-gap-default\">\n\t\t\t\t\t<div class=\"elementor-column elementor-col-100 elementor-top-column elementor-element elementor-element-ef66d9c\" data-id=\"ef66d9c\" data-element_type=\"column\" data-settings=\"{&quot;background_background&quot;:&quot;classic&quot;}\">\n\t\t\t<div class=\"elementor-widget-wrap elementor-element-populated\">\n\t\t\t\t\t\t<div class=\"elementor-element elementor-element-27ebd32 wd-width-100 elementor-widget elementor-widget-wd_title\" data-id=\"27ebd32\" data-element_type=\"widget\" data-widget_type=\"wd_title.default\">\n\t\t\t\t<div class=\"elementor-widget-container\">\n\t\t\t\t\t\t\t<div class=\"title-wrapper wd-set-mb reset-last-child wd-title-color-default wd-title-style-default wd-title-size-default text-center\">\n\n\t\t\t\n\t\t\t<div class=\"liner-continer\">\n\t\t\t\t<h2 class=\"woodmart-title-container title wd-fontsize-l\">Nous vous appelons<br \/>\n<\/h2> \n\t\t\t\t\t\t\t<\/div>\n\n\t\t\t\t\t\t\t<div class=\"title-after_title reset-last-child wd-fontsize-xs\">\n\t\t\t\t\t<p>Remplissez le formulaire et donnez une br\u00e8ve description de votre question ou requ\u00eate et nous vous contacterons d\u00e8s que possible.<\/p>\t\t\t\t<\/div>\n\t\t\t\t\t<\/div>\n\t\t\t\t\t\t<\/div>\n\t\t\t\t<\/div>\n\t\t\t\t<div class=\"elementor-element elementor-element-e076e55 elementor-widget elementor-widget-wd_contact_form_7\" data-id=\"e076e55\" data-element_type=\"widget\" data-widget_type=\"wd_contact_form_7.default\">\n\t\t\t\t<div class=\"elementor-widget-container\">\n\t\t\t\t\t\n<div class=\"wpcf7 no-js\" id=\"wpcf7-f9866-o1\" lang=\"fr-FR\" dir=\"ltr\" data-wpcf7-id=\"9866\">\n<div class=\"screen-reader-response\"><p role=\"status\" aria-live=\"polite\" aria-atomic=\"true\"><\/p> <ul><\/ul><\/div>\n<form action=\"\/fr\/wp-json\/wp\/v2\/pages\/9746#wpcf7-f9866-o1\" method=\"post\" class=\"wpcf7-form init\" aria-label=\"Formulaire de contact\" novalidate=\"novalidate\" data-status=\"init\">\n<div style=\"display: none;\">\n<input type=\"hidden\" name=\"_wpcf7\" value=\"9866\" \/>\n<input type=\"hidden\" name=\"_wpcf7_version\" value=\"6.0.4\" \/>\n<input type=\"hidden\" name=\"_wpcf7_locale\" value=\"fr_FR\" \/>\n<input type=\"hidden\" name=\"_wpcf7_unit_tag\" value=\"wpcf7-f9866-o1\" \/>\n<input type=\"hidden\" name=\"_wpcf7_container_post\" value=\"0\" \/>\n<input type=\"hidden\" name=\"_wpcf7_posted_data_hash\" value=\"\" \/>\n<input type=\"hidden\" name=\"_wpcf7_recaptcha_response\" value=\"\" \/>\n<\/div>\n<div class=\"row\">\n\t<p class=\"col-md-6\"><span class=\"wpcf7-form-control-wrap\" data-name=\"your-name\"><input size=\"40\" maxlength=\"400\" class=\"wpcf7-form-control wpcf7-text wpcf7-validates-as-required\" aria-required=\"true\" aria-invalid=\"false\" placeholder=\"Nombre\" value=\"\" type=\"text\" name=\"your-name\" \/><\/span>\n\t<\/p>\n\t<p class=\"col-md-6\"><span class=\"wpcf7-form-control-wrap\" data-name=\"your-email\"><input size=\"40\" maxlength=\"400\" class=\"wpcf7-form-control wpcf7-email wpcf7-validates-as-required wpcf7-text wpcf7-validates-as-email\" aria-required=\"true\" aria-invalid=\"false\" placeholder=\"Email\" value=\"\" type=\"email\" name=\"your-email\" \/><\/span>\n\t<\/p>\n<\/div>\n<div class=\"row\">\n\t<p class=\"col-md-6\"><span class=\"wpcf7-form-control-wrap\" data-name=\"tel-767\"><input size=\"40\" maxlength=\"400\" class=\"wpcf7-form-control wpcf7-tel wpcf7-text wpcf7-validates-as-tel\" aria-invalid=\"false\" placeholder=\"Tel\u00e9fono\" value=\"\" type=\"tel\" name=\"tel-767\" \/><\/span>\n\t<\/p>\n\t<p class=\"col-md-6\"><span class=\"wpcf7-form-control-wrap\" data-name=\"asunto\"><input size=\"40\" maxlength=\"400\" class=\"wpcf7-form-control wpcf7-text\" aria-invalid=\"false\" placeholder=\"Asunto\" value=\"\" type=\"text\" name=\"asunto\" \/><\/span>\n\t<\/p>\n<\/div>\n<p><label><span class=\"wpcf7-form-control-wrap\" data-name=\"your-message\"><textarea cols=\"40\" rows=\"10\" maxlength=\"2000\" class=\"wpcf7-form-control wpcf7-textarea\" aria-invalid=\"false\" placeholder=\"Mensaje\" name=\"your-message\"><\/textarea><\/span><\/label>\n<\/p>\n<p><span class=\"wpcf7-form-control-wrap\" data-name=\"Privacidad\"><span class=\"wpcf7-form-control wpcf7-acceptance\"><span class=\"wpcf7-list-item\"><label><input type=\"checkbox\" name=\"Privacidad\" value=\"1\" id=\"privacidad\" aria-invalid=\"false\" \/><span class=\"wpcf7-list-item-label\">J'ai lu et j'accepte la<a class=\"a-form\" href=\"\/politica-privacidad\" target=\"_blank\" style=\"color: #990407;\"> politique de confidentialit\u00e9<\/a>.<\/span><\/label><\/span><\/span><\/span><br \/>\n<span class=\"wpcf7-form-control-wrap\" data-name=\"publi\"><span class=\"wpcf7-form-control wpcf7-acceptance optional\"><span class=\"wpcf7-list-item\"><input type=\"checkbox\" name=\"publi\" value=\"1\" aria-invalid=\"false\" \/><\/span><\/span><\/span>J'accepte de recevoir des communications de la part de h2oplus.\n<\/p>\n<p style=\"text-align:right\"><input class=\"wpcf7-form-control wpcf7-submit has-spinner btn btn-color-primary btn-style-default btn-style-round btn-full-width\" type=\"submit\" value=\"ENVIAR\" \/>\n<\/p><div class=\"wpcf7-response-output\" aria-hidden=\"true\"><\/div>\n<\/form>\n<\/div>\n\t\t\t\t<\/div>\n\t\t\t\t<\/div>\n\t\t\t\t\t<\/div>\n\t\t<\/div>\n\t\t\t\t\t<\/div>\n\t\t<\/section>\n\t\t\t\t<\/div>\n\t\t","protected":false},"excerpt":{"rendered":"<p>h2oplus Contactez nous USINE GESTION COMMERCIALE ET ADMINISTRATION Nous vous appelons Remplissez le formulaire et donnez une br\u00e8ve description de<\/p>\n","protected":false},"author":1,"featured_media":0,"parent":0,"menu_order":0,"comment_status":"closed","ping_status":"closed","template":"","meta":{"_joinchat":[],"footnotes":""},"class_list":["post-9746","page","type-page","status-publish","hentry"],"yoast_head":"<!-- This site is optimized with the Yoast SEO plugin v24.5 - https:\/\/yoast.com\/wordpress\/plugins\/seo\/ -->\n<title>Contact - h2oplus<\/title>\n<meta name=\"robots\" content=\"index, follow, max-snippet:-1, max-image-preview:large, max-video-preview:-1\" \/>\n<link rel=\"canonical\" href=\"https:\/\/h2oplus.com.es\/fr\/contact\/\" \/>\n<meta property=\"og:locale\" content=\"fr_FR\" \/>\n<meta property=\"og:type\" content=\"article\" \/>\n<meta property=\"og:title\" content=\"Contact - h2oplus\" \/>\n<meta property=\"og:description\" content=\"h2oplus Contactez nous USINE GESTION COMMERCIALE ET ADMINISTRATION Nous vous appelons Remplissez le formulaire et donnez une br\u00e8ve description de\" \/>\n<meta property=\"og:url\" content=\"https:\/\/h2oplus.com.es\/fr\/contact\/\" \/>\n<meta property=\"og:site_name\" content=\"h2oplus\" \/>\n<meta property=\"article:modified_time\" content=\"2024-05-14T15:59:54+00:00\" \/>\n<meta property=\"og:image\" content=\"https:\/\/h2oplus.com.es\/wp-content\/uploads\/2021\/10\/img-ecolabel-sombra-150x150.webp\" \/>\n<meta name=\"twitter:card\" content=\"summary_large_image\" \/>\n<meta name=\"twitter:label1\" content=\"Dur\u00e9e de lecture estim\u00e9e\" \/>\n\t<meta name=\"twitter:data1\" content=\"1 minute\" \/>\n<script type=\"application\/ld+json\" class=\"yoast-schema-graph\">{\"@context\":\"https:\/\/schema.org\",\"@graph\":[{\"@type\":\"WebPage\",\"@id\":\"https:\/\/h2oplus.com.es\/fr\/contact\/\",\"url\":\"https:\/\/h2oplus.com.es\/fr\/contact\/\",\"name\":\"Contact - h2oplus\",\"isPartOf\":{\"@id\":\"https:\/\/h2oplus.com.es\/fr\/#website\"},\"primaryImageOfPage\":{\"@id\":\"https:\/\/h2oplus.com.es\/fr\/contact\/#primaryimage\"},\"image\":{\"@id\":\"https:\/\/h2oplus.com.es\/fr\/contact\/#primaryimage\"},\"thumbnailUrl\":\"https:\/\/h2oplus.com.es\/wp-content\/uploads\/2021\/10\/img-ecolabel-sombra-150x150.webp\",\"datePublished\":\"2021-10-12T16:27:24+00:00\",\"dateModified\":\"2024-05-14T15:59:54+00:00\",\"breadcrumb\":{\"@id\":\"https:\/\/h2oplus.com.es\/fr\/contact\/#breadcrumb\"},\"inLanguage\":\"fr-FR\",\"potentialAction\":[{\"@type\":\"ReadAction\",\"target\":[\"https:\/\/h2oplus.com.es\/fr\/contact\/\"]}]},{\"@type\":\"ImageObject\",\"inLanguage\":\"fr-FR\",\"@id\":\"https:\/\/h2oplus.com.es\/fr\/contact\/#primaryimage\",\"url\":\"https:\/\/h2oplus.com.es\/wp-content\/uploads\/2021\/10\/img-ecolabel-sombra-150x150.webp\",\"contentUrl\":\"https:\/\/h2oplus.com.es\/wp-content\/uploads\/2021\/10\/img-ecolabel-sombra-150x150.webp\"},{\"@type\":\"BreadcrumbList\",\"@id\":\"https:\/\/h2oplus.com.es\/fr\/contact\/#breadcrumb\",\"itemListElement\":[{\"@type\":\"ListItem\",\"position\":1,\"name\":\"Portada\",\"item\":\"https:\/\/h2oplus.com.es\/fr\/\"},{\"@type\":\"ListItem\",\"position\":2,\"name\":\"Contact\"}]},{\"@type\":\"WebSite\",\"@id\":\"https:\/\/h2oplus.com.es\/fr\/#website\",\"url\":\"https:\/\/h2oplus.com.es\/fr\/\",\"name\":\"h2oplus\",\"description\":\"Pinturas y tratamientos especiales para una construcci\u00f3n sostenible\",\"potentialAction\":[{\"@type\":\"SearchAction\",\"target\":{\"@type\":\"EntryPoint\",\"urlTemplate\":\"https:\/\/h2oplus.com.es\/fr\/?s={search_term_string}\"},\"query-input\":{\"@type\":\"PropertyValueSpecification\",\"valueRequired\":true,\"valueName\":\"search_term_string\"}}],\"inLanguage\":\"fr-FR\"}]}<\/script>\n<!-- \/ Yoast SEO plugin. -->","yoast_head_json":{"title":"Contact - h2oplus","robots":{"index":"index","follow":"follow","max-snippet":"max-snippet:-1","max-image-preview":"max-image-preview:large","max-video-preview":"max-video-preview:-1"},"canonical":"https:\/\/h2oplus.com.es\/fr\/contact\/","og_locale":"fr_FR","og_type":"article","og_title":"Contact - h2oplus","og_description":"h2oplus Contactez nous USINE GESTION COMMERCIALE ET ADMINISTRATION Nous vous appelons Remplissez le formulaire et donnez une br\u00e8ve description de","og_url":"https:\/\/h2oplus.com.es\/fr\/contact\/","og_site_name":"h2oplus","article_modified_time":"2024-05-14T15:59:54+00:00","og_image":[{"url":"https:\/\/h2oplus.com.es\/wp-content\/uploads\/2021\/10\/img-ecolabel-sombra-150x150.webp","type":"","width":"","height":""}],"twitter_card":"summary_large_image","twitter_misc":{"Dur\u00e9e de lecture estim\u00e9e":"1 minute"},"schema":{"@context":"https:\/\/schema.org","@graph":[{"@type":"WebPage","@id":"https:\/\/h2oplus.com.es\/fr\/contact\/","url":"https:\/\/h2oplus.com.es\/fr\/contact\/","name":"Contact - h2oplus","isPartOf":{"@id":"https:\/\/h2oplus.com.es\/fr\/#website"},"primaryImageOfPage":{"@id":"https:\/\/h2oplus.com.es\/fr\/contact\/#primaryimage"},"image":{"@id":"https:\/\/h2oplus.com.es\/fr\/contact\/#primaryimage"},"thumbnailUrl":"https:\/\/h2oplus.com.es\/wp-content\/uploads\/2021\/10\/img-ecolabel-sombra-150x150.webp","datePublished":"2021-10-12T16:27:24+00:00","dateModified":"2024-05-14T15:59:54+00:00","breadcrumb":{"@id":"https:\/\/h2oplus.com.es\/fr\/contact\/#breadcrumb"},"inLanguage":"fr-FR","potentialAction":[{"@type":"ReadAction","target":["https:\/\/h2oplus.com.es\/fr\/contact\/"]}]},{"@type":"ImageObject","inLanguage":"fr-FR","@id":"https:\/\/h2oplus.com.es\/fr\/contact\/#primaryimage","url":"https:\/\/h2oplus.com.es\/wp-content\/uploads\/2021\/10\/img-ecolabel-sombra-150x150.webp","contentUrl":"https:\/\/h2oplus.com.es\/wp-content\/uploads\/2021\/10\/img-ecolabel-sombra-150x150.webp"},{"@type":"BreadcrumbList","@id":"https:\/\/h2oplus.com.es\/fr\/contact\/#breadcrumb","itemListElement":[{"@type":"ListItem","position":1,"name":"Portada","item":"https:\/\/h2oplus.com.es\/fr\/"},{"@type":"ListItem","position":2,"name":"Contact"}]},{"@type":"WebSite","@id":"https:\/\/h2oplus.com.es\/fr\/#website","url":"https:\/\/h2oplus.com.es\/fr\/","name":"h2oplus","description":"Pinturas y tratamientos especiales para una construcci\u00f3n sostenible","potentialAction":[{"@type":"SearchAction","target":{"@type":"EntryPoint","urlTemplate":"https:\/\/h2oplus.com.es\/fr\/?s={search_term_string}"},"query-input":{"@type":"PropertyValueSpecification","valueRequired":true,"valueName":"search_term_string"}}],"inLanguage":"fr-FR"}]}},"_links":{"self":[{"href":"https:\/\/h2oplus.com.es\/fr\/wp-json\/wp\/v2\/pages\/9746","targetHints":{"allow":["GET"]}}],"collection":[{"href":"https:\/\/h2oplus.com.es\/fr\/wp-json\/wp\/v2\/pages"}],"about":[{"href":"https:\/\/h2oplus.com.es\/fr\/wp-json\/wp\/v2\/types\/page"}],"author":[{"embeddable":true,"href":"https:\/\/h2oplus.com.es\/fr\/wp-json\/wp\/v2\/users\/1"}],"replies":[{"embeddable":true,"href":"https:\/\/h2oplus.com.es\/fr\/wp-json\/wp\/v2\/comments?post=9746"}],"version-history":[{"count":1,"href":"https:\/\/h2oplus.com.es\/fr\/wp-json\/wp\/v2\/pages\/9746\/revisions"}],"predecessor-version":[{"id":9747,"href":"https:\/\/h2oplus.com.es\/fr\/wp-json\/wp\/v2\/pages\/9746\/revisions\/9747"}],"wp:attachment":[{"href":"https:\/\/h2oplus.com.es\/fr\/wp-json\/wp\/v2\/media?parent=9746"}],"curies":[{"name":"wp","href":"https:\/\/api.w.org\/{rel}","templated":true}]}}