{"id":9744,"date":"2023-07-07T10:41:07","date_gmt":"2023-07-07T10:41:07","guid":{"rendered":"https:\/\/h2oplus.com.es\/avis-juridique\/"},"modified":"2024-05-14T15:44:42","modified_gmt":"2024-05-14T15:44:42","slug":"avis-juridique","status":"publish","type":"page","link":"https:\/\/h2oplus.com.es\/fr\/avis-juridique\/","title":{"rendered":"Avis juridique"},"content":{"rendered":"\t\t<div data-elementor-type=\"wp-page\" data-elementor-id=\"9744\" class=\"elementor elementor-9744 elementor-8848\">\n\t\t\t\t\t\t<section class=\"wd-negative-gap elementor-section elementor-top-section elementor-element elementor-element-1e65aa2 elementor-section-boxed elementor-section-height-default elementor-section-height-default\" data-id=\"1e65aa2\" data-element_type=\"section\">\n\t\t\t\t\t\t<div class=\"elementor-container elementor-column-gap-default\">\n\t\t\t\t\t<div class=\"elementor-column elementor-col-100 elementor-top-column elementor-element elementor-element-7125bcd\" data-id=\"7125bcd\" data-element_type=\"column\">\n\t\t\t<div class=\"elementor-widget-wrap elementor-element-populated\">\n\t\t\t\t\t\t<div class=\"elementor-element elementor-element-8903183 elementor-widget elementor-widget-wd_text_block\" data-id=\"8903183\" data-element_type=\"widget\" data-widget_type=\"wd_text_block.default\">\n\t\t\t\t<div class=\"elementor-widget-container\">\n\t\t\t\t\t\t\t<div class=\"wd-text-block reset-last-child text-left\">\n\t\t\t\n\t\t\t<h3>I. INFORMATIONS G\u00c9N\u00c9RALES<\/h3><p>Conform\u00e9ment \u00e0 l'obligation d'information pr\u00e9vue par la loi 34\/2002 sur les services de la soci\u00e9t\u00e9 de l'information et le commerce \u00e9lectronique (LSSI-CE) du 11 juillet, vous trouverez ci-dessous des informations g\u00e9n\u00e9rales sur ce site web :<\/p><p>La propri\u00e9t\u00e9 de ce site web, h2oplus.com.es, (ci-apr\u00e8s le site web) est d\u00e9tenue par : Tuyson Europa sl, avec NIF : B67375469, et dont les coordonn\u00e9es sont :<\/p><p>Adresse : Carrer Su\u00efsse 36 08338 Premia de Dalt (Barcelona)<\/p><p>T\u00e9l\u00e9phone de contact : 691393010<\/p><p>Courriel de contact : ventas@tuyson.com<\/p><h3>II. CONDITIONS G\u00c9N\u00c9RALES D'UTILISATION<\/h3><h4>L'objet des conditions g\u00e9n\u00e9rales : Le site web<\/h4><p>Les pr\u00e9sentes conditions g\u00e9n\u00e9rales d'utilisation (ci-apr\u00e8s d\u00e9nomm\u00e9es \"conditions\") ont pour objet de r\u00e9glementer l'acc\u00e8s au site web et son utilisation. Aux fins des pr\u00e9sentes conditions, on entend par site web : l'aspect ext\u00e9rieur des interfaces d'\u00e9cran, tant statiques que dynamiques, c'est-\u00e0-dire l'arbre de navigation ; et tous les \u00e9l\u00e9ments int\u00e9gr\u00e9s tant dans les interfaces d'\u00e9cran que dans l'arbre de navigation (ci-apr\u00e8s d\u00e9nomm\u00e9s \"contenu\") et tous les services ou ressources en ligne qui peuvent \u00eatre offerts aux utilisateurs (ci-apr\u00e8s d\u00e9nomm\u00e9s \"services\").<\/p><p>h2oplus se r\u00e9serve le droit de modifier, \u00e0 tout moment et sans pr\u00e9avis, la pr\u00e9sentation et la configuration du Site et des Contenus et Services qui peuvent y \u00eatre incorpor\u00e9s. L'Utilisateur reconna\u00eet et accepte qu'\u00e0 tout moment h2oplus puisse interrompre, d\u00e9sactiver et\/ou annuler l'un de ces \u00e9l\u00e9ments int\u00e9gr\u00e9s dans le Site Web ou l'acc\u00e8s \u00e0 ceux-ci.<\/p><p>L'acc\u00e8s au site web par l'utilisateur est libre et, en r\u00e8gle g\u00e9n\u00e9rale, gratuit, sans que l'utilisateur n'ait \u00e0 fournir de contrepartie pour en b\u00e9n\u00e9ficier, \u00e0 l'exception du co\u00fbt de la connexion via le r\u00e9seau de t\u00e9l\u00e9communications fourni par le fournisseur d'acc\u00e8s contract\u00e9 par l'utilisateur.<\/p><p>L'utilisation de tout contenu ou service du site web peut \u00eatre subordonn\u00e9e \u00e0 l'inscription ou \u00e0 l'enregistrement pr\u00e9alable de l'utilisateur.<\/p><h4>L'utilisateur<\/h4><p>L'acc\u00e8s, la navigation et l'utilisation du site web, ainsi que les espaces d'interaction entre les utilisateurs, l'utilisateur et h2oplus, tels que les espaces de commentaires et\/ou de blogs, conf\u00e8rent la condition d'utilisateur, et l'utilisateur accepte donc, \u00e0 partir du moment o\u00f9 il commence \u00e0 naviguer sur le site web, toutes les conditions \u00e9tablies ici, ainsi que leurs modifications ult\u00e9rieures, sans pr\u00e9judice de l'application des normes l\u00e9gales correspondantes d'application obligatoire, le cas \u00e9ch\u00e9ant. Compte tenu de la pertinence de ce qui pr\u00e9c\u00e8de, il est recommand\u00e9 \u00e0 l'utilisateur de les lire chaque fois qu'il visite le site Web.<\/p><p>Le site web h2oplus fournit un large \u00e9ventail d'informations, de services et de donn\u00e9es. L'utilisateur assume la responsabilit\u00e9 de l'utilisation correcte du site web. Cette responsabilit\u00e9 s'\u00e9tend \u00e0 :<\/p><ul><li>Une utilisation des informations, Contenus et\/ou Services et donn\u00e9es propos\u00e9s par h2oplus qui soit contraire aux dispositions des pr\u00e9sentes Conditions, \u00e0 la Loi, aux bonnes m\u0153urs ou \u00e0 l'ordre public, ou qui soit de toute autre mani\u00e8re pr\u00e9judiciable aux droits des tiers ou au fonctionnement du Site Internet.<\/li><li>La v\u00e9racit\u00e9 et la l\u00e9galit\u00e9 des informations fournies par l'Utilisateur dans les formulaires fournis par h2oplus pour l'acc\u00e8s \u00e0 certains Contenus ou Services propos\u00e9s par le Site. En tout \u00e9tat de cause, l'utilisateur devra imm\u00e9diatement notifier \u00e0 h2oplus tout \u00e9v\u00e9nement permettant l'utilisation abusive des informations enregistr\u00e9es dans lesdits formulaires, tel que, mais sans s'y limiter, le vol, la perte ou l'acc\u00e8s non autoris\u00e9 aux identifiants et\/ou aux mots de passe, afin de proc\u00e9der \u00e0 leur annulation imm\u00e9diate.<\/li><\/ul><p>h2oplus se r\u00e9serve le droit de supprimer tous les commentaires et contributions qui violent la loi, le respect de la dignit\u00e9 de la personne, qui sont discriminatoires, x\u00e9nophobes, racistes, pornographiques, qui envoient des spams, qui menacent la jeunesse ou l'enfance, l'ordre ou la s\u00e9curit\u00e9 publique ou qui, \u00e0 son avis, ne sont pas appropri\u00e9s pour la publication.<\/p><p>En tout \u00e9tat de cause, h2oplus ne sera pas responsable des opinions exprim\u00e9es par les utilisateurs par le biais de commentaires ou d'autres outils de blogage ou de participation qui peuvent \u00eatre disponibles.<\/p><p>Le simple fait d'acc\u00e9der \u00e0 ce site web n'implique pas l'\u00e9tablissement d'une relation commerciale entre h2oplus et l'utilisateur.<\/p><p>L'utilisateur d\u00e9clare qu'il est majeur et qu'il a la capacit\u00e9 juridique suffisante pour \u00eatre li\u00e9 par les pr\u00e9sentes conditions. Par cons\u00e9quent, ce site web h2oplus n'est pas destin\u00e9 aux mineurs. h2oplus d\u00e9cline toute responsabilit\u00e9 en cas de non-respect de cette exigence.<\/p><p>Le site Web est principalement destin\u00e9 aux utilisateurs r\u00e9sidant en Espagne. h2oplus ne pr\u00e9tend pas que le site Web est conforme aux lois d'autres pays, que ce soit en totalit\u00e9 ou en partie. Si l'utilisateur r\u00e9side ou est domicili\u00e9 ailleurs et d\u00e9cide d'acc\u00e9der et\/ou de naviguer sur le site web, il le fait \u00e0 ses propres risques et doit s'assurer que cet acc\u00e8s et cette navigation sont conformes \u00e0 la l\u00e9gislation locale applicable, et h2oplus n'accepte aucune responsabilit\u00e9 quelle qu'elle soit d\u00e9coulant de cet acc\u00e8s.<\/p><h3>III. L'ACC\u00c8S ET LA NAVIGATION SUR LE SITE WEB : EXCLUSION DE GARANTIE ET DE RESPONSABILIT\u00c9<\/h3><p>h2oplus ne garantit pas la continuit\u00e9, la disponibilit\u00e9 et l'utilit\u00e9 du site, du contenu ou des services. h2oplus mettra tout en \u0153uvre pour assurer le bon fonctionnement du site web, mais h2oplus ne garantit pas que l'acc\u00e8s \u00e0 ce site web sera ininterrompu ou d\u00e9pourvu d'erreurs.<\/p><p>Elle n'accepte pas non plus la responsabilit\u00e9 ou la garantie que le contenu ou le logiciel auquel il est possible d'acc\u00e9der par l'interm\u00e9diaire de ce site Web est exempt d'erreurs ou cause des dommages au syst\u00e8me informatique (logiciel et mat\u00e9riel) de l'utilisateur. En aucun cas, h2oplus ne sera responsable des pertes, dommages ou pr\u00e9judices de toute nature r\u00e9sultant de l'acc\u00e8s, de la navigation et de l'utilisation du site web, y compris, mais sans s'y limiter, les pertes, dommages ou pr\u00e9judices caus\u00e9s aux syst\u00e8mes informatiques ou caus\u00e9s par l'introduction de virus.<\/p><p>h2oplus n'est pas responsable des dommages qui pourraient \u00eatre caus\u00e9s aux utilisateurs par une mauvaise utilisation de ce site web. En particulier, elle n'est en aucun cas responsable des pannes, interruptions, d\u00e9faillances ou d\u00e9fauts de t\u00e9l\u00e9communications qui pourraient survenir.<\/p><h3>IV. POLITIQUE DES LIENS<\/h3><p>L'utilisateur est inform\u00e9 que le site web h2oplus met ou peut mettre \u00e0 sa disposition des moyens de liaison (tels que, entre autres, des liens, des banni\u00e8res, des boutons), des r\u00e9pertoires et des moteurs de recherche qui permettent \u00e0 l'utilisateur d'acc\u00e9der \u00e0 des sites web appartenant \u00e0 des tiers et\/ou g\u00e9r\u00e9s par des tiers.<\/p><p>L'installation de ces liens, r\u00e9pertoires et moteurs de recherche sur le site web a pour but de faciliter la recherche et l'acc\u00e8s des utilisateurs aux informations disponibles sur Internet, et ne peut \u00eatre consid\u00e9r\u00e9e comme une suggestion, une recommandation ou une invitation \u00e0 les visiter.<\/p><p>h2oplus ne propose ni ne commercialise elle-m\u00eame ou par l'interm\u00e9diaire de tiers les produits et\/ou services disponibles sur ces sites li\u00e9s.<\/p><p>Elle ne garantit pas non plus la disponibilit\u00e9 technique, l'exactitude, la v\u00e9racit\u00e9, la validit\u00e9 ou la l\u00e9galit\u00e9 des sites ne lui appartenant pas et accessibles par les liens.<\/p><p>En aucun cas, h2oplus n'examine ou ne contr\u00f4le le contenu d'autres sites web, ni n'approuve, n'examine ou ne cautionne les produits et services, le contenu, les fichiers et tout autre mat\u00e9riel de ces sites li\u00e9s.<\/p><p>h2oplus n'assume aucune responsabilit\u00e9 pour les dommages qui pourraient r\u00e9sulter de l'acc\u00e8s, de l'utilisation, de la qualit\u00e9 ou de la l\u00e9galit\u00e9 des contenus, des communications, des opinions, des produits et des services des sites web qui ne sont pas g\u00e9r\u00e9s par h2oplus et qui sont li\u00e9s \u00e0 ce site web.<\/p><p>L'utilisateur ou le tiers qui cr\u00e9e un lien hypertexte d'une page web d'un autre site web vers le site web de h2oplus doit \u00eatre conscient que :<\/p><p>La reproduction - en tout ou en partie - de tout contenu et\/ou service du site Web n'est pas autoris\u00e9e sans l'autorisation expresse de h2oplus.<\/p><p>Les d\u00e9clarations fausses, inexactes ou incorrectes sur le site web de h2oplus, son contenu et\/ou ses services ne sont pas autoris\u00e9es.<\/p><p>\u00c0 l'exception de l'hyperlien, le site web sur lequel l'hyperlien est \u00e9tabli ne contiendra aucun \u00e9l\u00e9ment de ce site web prot\u00e9g\u00e9 en tant que propri\u00e9t\u00e9 intellectuelle par la loi espagnole, sauf autorisation expresse de h2oplus.<\/p><p>L'\u00e9tablissement de l'hyperlien n'implique pas l'existence d'une relation entre h2oplus et le propri\u00e9taire du site web \u00e0 partir duquel il est \u00e9tabli, ni la connaissance et l'acceptation par h2oplus des contenus, services et\/ou activit\u00e9s offerts sur ledit site web, et vice versa.<\/p><h3>V. PROPRI\u00c9T\u00c9 INTELLECTUELLE ET INDUSTRIELLE<\/h3><p>h2oplus est, en tant que tel ou en tant que cessionnaire, titulaire de tous les droits de propri\u00e9t\u00e9 intellectuelle et industrielle du site web, ainsi que des \u00e9l\u00e9ments qu'il contient (y compris, mais sans s'y limiter, les images, le son, l'audio, la vid\u00e9o, les logiciels ou les textes, les marques ou les logos, les combinaisons de couleurs, la structure et la conception, la s\u00e9lection des mat\u00e9riaux utilis\u00e9s, les programmes informatiques n\u00e9cessaires \u00e0 son fonctionnement, \u00e0 son acc\u00e8s et \u00e0 son utilisation, etc.) Il s'agira donc d'\u0153uvres prot\u00e9g\u00e9es en tant que propri\u00e9t\u00e9 intellectuelle par le syst\u00e8me juridique espagnol, et la l\u00e9gislation espagnole et communautaire en la mati\u00e8re, ainsi que les trait\u00e9s internationaux relatifs \u00e0 la mati\u00e8re et sign\u00e9s par l'Espagne, leur seront applicables.<\/p><p>Tous droits r\u00e9serv\u00e9s. Conform\u00e9ment aux dispositions de la loi sur la propri\u00e9t\u00e9 intellectuelle, la reproduction, la distribution et la communication publique, y compris la mise \u00e0 disposition, de tout ou partie du contenu de ce site web, \u00e0 des fins commerciales, sur tout support et par tout moyen technique, sans l'autorisation de h2oplus, sont express\u00e9ment interdites.<\/p><p>L'Utilisateur s'engage \u00e0 respecter les droits de propri\u00e9t\u00e9 intellectuelle et industrielle de h2oplus. Vous pouvez visualiser les \u00e9l\u00e9ments du site web ou m\u00eame les imprimer, les copier et les stocker sur le disque dur de votre ordinateur ou sur tout autre support physique, \u00e0 condition que ce soit exclusivement pour votre usage personnel. L'utilisateur ne peut toutefois pas retirer, modifier ou manipuler tout dispositif de protection ou syst\u00e8me de s\u00e9curit\u00e9 install\u00e9 sur le site web.<\/p><p>Dans le cas o\u00f9 l'Utilisateur ou un tiers consid\u00e8re que l'un des Contenus du Site Web implique une violation des droits de protection de la propri\u00e9t\u00e9 intellectuelle, il doit imm\u00e9diatement en informer h2oplus par le biais des coordonn\u00e9es indiqu\u00e9es dans la section INFORMATIONS G\u00c9N\u00c9RALES des pr\u00e9sentes Mentions L\u00e9gales et Conditions G\u00e9n\u00e9rales d'Utilisation.<\/p><h3>VI. ACTIONS EN JUSTICE, DROIT APPLICABLE ET JURIDICTION<\/h3><p>h2oplus se r\u00e9serve le droit d'engager toute action civile ou p\u00e9nale qu'elle jugera n\u00e9cessaire en cas d'utilisation abusive du site web et de son contenu, ou en cas de violation des pr\u00e9sentes conditions.<\/p><p>La relation entre l'utilisateur et h2oplus est r\u00e9gie par la r\u00e9glementation en vigueur et applicable en Espagne. En cas de litige relatif \u00e0 l'interpr\u00e9tation et\/ou \u00e0 l'application des pr\u00e9sentes conditions, les parties soumettront leurs diff\u00e9rends \u00e0 la comp\u00e9tence ordinaire des cours et tribunaux correspondant \u00e0 la loi.<\/p>\n\t\t\t\t\t<\/div>\n\t\t\t\t\t\t<\/div>\n\t\t\t\t<\/div>\n\t\t\t\t\t<\/div>\n\t\t<\/div>\n\t\t\t\t\t<\/div>\n\t\t<\/section>\n\t\t\t\t<\/div>\n\t\t","protected":false},"excerpt":{"rendered":"<p>I. INFORMATIONS G\u00c9N\u00c9RALES Conform\u00e9ment \u00e0 l&rsquo;obligation d&rsquo;information pr\u00e9vue par la loi 34\/2002 sur les services de la soci\u00e9t\u00e9 de l&rsquo;information<\/p>\n","protected":false},"author":1,"featured_media":0,"parent":0,"menu_order":0,"comment_status":"closed","ping_status":"closed","template":"","meta":{"_joinchat":[],"footnotes":""},"class_list":["post-9744","page","type-page","status-publish","hentry"],"yoast_head":"<!-- This site is optimized with the Yoast SEO plugin v24.5 - https:\/\/yoast.com\/wordpress\/plugins\/seo\/ -->\n<title>Avis juridique - h2oplus<\/title>\n<meta name=\"robots\" content=\"index, follow, max-snippet:-1, max-image-preview:large, max-video-preview:-1\" \/>\n<link rel=\"canonical\" href=\"https:\/\/h2oplus.com.es\/fr\/avis-juridique\/\" \/>\n<meta property=\"og:locale\" content=\"fr_FR\" \/>\n<meta property=\"og:type\" content=\"article\" \/>\n<meta property=\"og:title\" content=\"Avis juridique - h2oplus\" \/>\n<meta property=\"og:description\" content=\"I. INFORMATIONS G\u00c9N\u00c9RALES Conform\u00e9ment \u00e0 l&rsquo;obligation d&rsquo;information pr\u00e9vue par la loi 34\/2002 sur les services de la soci\u00e9t\u00e9 de l&rsquo;information\" \/>\n<meta property=\"og:url\" content=\"https:\/\/h2oplus.com.es\/fr\/avis-juridique\/\" \/>\n<meta property=\"og:site_name\" content=\"h2oplus\" \/>\n<meta property=\"article:modified_time\" content=\"2024-05-14T15:44:42+00:00\" \/>\n<meta name=\"twitter:card\" content=\"summary_large_image\" \/>\n<meta name=\"twitter:label1\" content=\"Dur\u00e9e de lecture estim\u00e9e\" \/>\n\t<meta name=\"twitter:data1\" content=\"10 minutes\" \/>\n<script type=\"application\/ld+json\" class=\"yoast-schema-graph\">{\"@context\":\"https:\/\/schema.org\",\"@graph\":[{\"@type\":\"WebPage\",\"@id\":\"https:\/\/h2oplus.com.es\/fr\/avis-juridique\/\",\"url\":\"https:\/\/h2oplus.com.es\/fr\/avis-juridique\/\",\"name\":\"Avis juridique - h2oplus\",\"isPartOf\":{\"@id\":\"https:\/\/h2oplus.com.es\/fr\/#website\"},\"datePublished\":\"2023-07-07T10:41:07+00:00\",\"dateModified\":\"2024-05-14T15:44:42+00:00\",\"breadcrumb\":{\"@id\":\"https:\/\/h2oplus.com.es\/fr\/avis-juridique\/#breadcrumb\"},\"inLanguage\":\"fr-FR\",\"potentialAction\":[{\"@type\":\"ReadAction\",\"target\":[\"https:\/\/h2oplus.com.es\/fr\/avis-juridique\/\"]}]},{\"@type\":\"BreadcrumbList\",\"@id\":\"https:\/\/h2oplus.com.es\/fr\/avis-juridique\/#breadcrumb\",\"itemListElement\":[{\"@type\":\"ListItem\",\"position\":1,\"name\":\"Portada\",\"item\":\"https:\/\/h2oplus.com.es\/fr\/\"},{\"@type\":\"ListItem\",\"position\":2,\"name\":\"Avis juridique\"}]},{\"@type\":\"WebSite\",\"@id\":\"https:\/\/h2oplus.com.es\/fr\/#website\",\"url\":\"https:\/\/h2oplus.com.es\/fr\/\",\"name\":\"h2oplus\",\"description\":\"Pinturas y tratamientos especiales para una construcci\u00f3n sostenible\",\"potentialAction\":[{\"@type\":\"SearchAction\",\"target\":{\"@type\":\"EntryPoint\",\"urlTemplate\":\"https:\/\/h2oplus.com.es\/fr\/?s={search_term_string}\"},\"query-input\":{\"@type\":\"PropertyValueSpecification\",\"valueRequired\":true,\"valueName\":\"search_term_string\"}}],\"inLanguage\":\"fr-FR\"}]}<\/script>\n<!-- \/ Yoast SEO plugin. -->","yoast_head_json":{"title":"Avis juridique - h2oplus","robots":{"index":"index","follow":"follow","max-snippet":"max-snippet:-1","max-image-preview":"max-image-preview:large","max-video-preview":"max-video-preview:-1"},"canonical":"https:\/\/h2oplus.com.es\/fr\/avis-juridique\/","og_locale":"fr_FR","og_type":"article","og_title":"Avis juridique - h2oplus","og_description":"I. INFORMATIONS G\u00c9N\u00c9RALES Conform\u00e9ment \u00e0 l&rsquo;obligation d&rsquo;information pr\u00e9vue par la loi 34\/2002 sur les services de la soci\u00e9t\u00e9 de l&rsquo;information","og_url":"https:\/\/h2oplus.com.es\/fr\/avis-juridique\/","og_site_name":"h2oplus","article_modified_time":"2024-05-14T15:44:42+00:00","twitter_card":"summary_large_image","twitter_misc":{"Dur\u00e9e de lecture estim\u00e9e":"10 minutes"},"schema":{"@context":"https:\/\/schema.org","@graph":[{"@type":"WebPage","@id":"https:\/\/h2oplus.com.es\/fr\/avis-juridique\/","url":"https:\/\/h2oplus.com.es\/fr\/avis-juridique\/","name":"Avis juridique - h2oplus","isPartOf":{"@id":"https:\/\/h2oplus.com.es\/fr\/#website"},"datePublished":"2023-07-07T10:41:07+00:00","dateModified":"2024-05-14T15:44:42+00:00","breadcrumb":{"@id":"https:\/\/h2oplus.com.es\/fr\/avis-juridique\/#breadcrumb"},"inLanguage":"fr-FR","potentialAction":[{"@type":"ReadAction","target":["https:\/\/h2oplus.com.es\/fr\/avis-juridique\/"]}]},{"@type":"BreadcrumbList","@id":"https:\/\/h2oplus.com.es\/fr\/avis-juridique\/#breadcrumb","itemListElement":[{"@type":"ListItem","position":1,"name":"Portada","item":"https:\/\/h2oplus.com.es\/fr\/"},{"@type":"ListItem","position":2,"name":"Avis juridique"}]},{"@type":"WebSite","@id":"https:\/\/h2oplus.com.es\/fr\/#website","url":"https:\/\/h2oplus.com.es\/fr\/","name":"h2oplus","description":"Pinturas y tratamientos especiales para una construcci\u00f3n sostenible","potentialAction":[{"@type":"SearchAction","target":{"@type":"EntryPoint","urlTemplate":"https:\/\/h2oplus.com.es\/fr\/?s={search_term_string}"},"query-input":{"@type":"PropertyValueSpecification","valueRequired":true,"valueName":"search_term_string"}}],"inLanguage":"fr-FR"}]}},"_links":{"self":[{"href":"https:\/\/h2oplus.com.es\/fr\/wp-json\/wp\/v2\/pages\/9744","targetHints":{"allow":["GET"]}}],"collection":[{"href":"https:\/\/h2oplus.com.es\/fr\/wp-json\/wp\/v2\/pages"}],"about":[{"href":"https:\/\/h2oplus.com.es\/fr\/wp-json\/wp\/v2\/types\/page"}],"author":[{"embeddable":true,"href":"https:\/\/h2oplus.com.es\/fr\/wp-json\/wp\/v2\/users\/1"}],"replies":[{"embeddable":true,"href":"https:\/\/h2oplus.com.es\/fr\/wp-json\/wp\/v2\/comments?post=9744"}],"version-history":[{"count":1,"href":"https:\/\/h2oplus.com.es\/fr\/wp-json\/wp\/v2\/pages\/9744\/revisions"}],"predecessor-version":[{"id":9745,"href":"https:\/\/h2oplus.com.es\/fr\/wp-json\/wp\/v2\/pages\/9744\/revisions\/9745"}],"wp:attachment":[{"href":"https:\/\/h2oplus.com.es\/fr\/wp-json\/wp\/v2\/media?parent=9744"}],"curies":[{"name":"wp","href":"https:\/\/api.w.org\/{rel}","templated":true}]}}