{"id":9742,"date":"2023-07-07T10:43:04","date_gmt":"2023-07-07T10:43:04","guid":{"rendered":"https:\/\/h2oplus.com.es\/accessibilite\/"},"modified":"2024-05-14T15:44:24","modified_gmt":"2024-05-14T15:44:24","slug":"accessibilite","status":"publish","type":"page","link":"https:\/\/h2oplus.com.es\/fr\/accessibilite\/","title":{"rendered":"Accessibilit\u00e9"},"content":{"rendered":"\t\t<div data-elementor-type=\"wp-page\" data-elementor-id=\"9742\" class=\"elementor elementor-9742 elementor-8852\">\n\t\t\t\t\t\t<section class=\"wd-negative-gap elementor-section elementor-top-section elementor-element elementor-element-ed83aa1 elementor-section-boxed elementor-section-height-default elementor-section-height-default\" data-id=\"ed83aa1\" data-element_type=\"section\">\n\t\t\t\t\t\t<div class=\"elementor-container elementor-column-gap-default\">\n\t\t\t\t\t<div class=\"elementor-column elementor-col-100 elementor-top-column elementor-element elementor-element-e6d906c\" data-id=\"e6d906c\" data-element_type=\"column\">\n\t\t\t<div class=\"elementor-widget-wrap elementor-element-populated\">\n\t\t\t\t\t\t<div class=\"elementor-element elementor-element-85a94f6 elementor-widget elementor-widget-wd_text_block\" data-id=\"85a94f6\" data-element_type=\"widget\" data-widget_type=\"wd_text_block.default\">\n\t\t\t\t<div class=\"elementor-widget-container\">\n\t\t\t\t\t\t\t<div class=\"wd-text-block reset-last-child text-left\">\n\t\t\t\n\t\t\t<p><span style=\"font-weight: 400;\">Tuyson Europe sl<\/span><span style=\"font-weight: 400;\"> s'engage \u00e0 rendre ses sites web accessibles conform\u00e9ment au <\/span><a href=\"https:\/\/www.boe.es\/buscar\/act.php?id=BOE-A-2018-12699\">\n  <span style=\"font-weight: 400;\">Arr\u00eat\u00e9 royal 1112\/2018 du 7 septembre 2018<\/span>\n<\/a><span style=\"font-weight: 400;\">relatif \u00e0 l'accessibilit\u00e9 des sites web et des applications du secteur public pour les appareils mobiles (ci-apr\u00e8s, l'arr\u00eat\u00e9 royal 1112\/2018 du 7 septembre).<\/span><\/p><p><span style=\"font-weight: 400;\">La pr\u00e9sente d\u00e9claration d'accessibilit\u00e9 s'applique au site web <a href=\"https:\/\/h2oplus.com.es\/fr\/\">https:\/\/h2oplus.com.es\/<\/a>.<\/span><\/p><h2><span style=\"font-weight: 400;\">\u00c9tat de conformit\u00e9<\/span><\/h2><p><span style=\"font-weight: 400;\">Ce site est partiellement<\/span><b> conforme<\/b><span style=\"font-weight: 400;\"> au d\u00e9cret royal 1112\/2018, du 7 septembre, en raison de la non-conformit\u00e9 des aspects suivants.<\/span><\/p><h2><span style=\"font-weight: 400;\">Contenu non accessible<\/span><\/h2><p><span style=\"font-weight: 400;\">Le contenu ci-dessous n'est pas accessible pour les raisons suivantes :<\/span><\/p><ol><li style=\"font-weight: 400;\" aria-level=\"1\"><b>Non-respect de l'arr\u00eat\u00e9 royal 1112\/2018 du 7 septembre :<\/b><span style=\"font-weight: 400;\">  il peut y avoir des erreurs d'\u00e9dition occasionnelles sur certaines pages web, \u00e0 la fois dans le contenu HTML et dans les documents finaux, publi\u00e9s apr\u00e8s le 20 septembre 2018 (date d'entr\u00e9e en vigueur du d\u00e9cret royal 1112\/2018 du 7 septembre). En particulier, des erreurs peuvent se produire dans les documents contenant des graphiques, des tableaux complexes ou sign\u00e9s \u00e9lectroniquement avant l'examen de l'accessibilit\u00e9.<\/span><\/li><li style=\"font-weight: 400;\" aria-level=\"1\"><b>Charge disproportionn\u00e9e :<\/b><span style=\"font-weight: 400;\"> sans objet.<\/span><\/li><li style=\"font-weight: 400;\" aria-level=\"1\"><span style=\"font-weight: 400;\">Le contenu<\/span><b>  n'entre pas dans le champ d'application de la l\u00e9gislation applicable<\/b><span style=\"font-weight: 400;\">Il existe des fichiers bureautiques au format PDF ou dans d'autres formats publi\u00e9s avant le 20 septembre 2018 qui ne sont pas enti\u00e8rement conformes \u00e0 toutes les exigences en mati\u00e8re d'accessibilit\u00e9 ; il peut \u00e9galement y avoir du contenu provenant de tiers qui n'est pas financ\u00e9, d\u00e9velopp\u00e9 ou contr\u00f4l\u00e9 par ce minist\u00e8re.<\/span><\/li><\/ol><h2><span style=\"font-weight: 400;\">Pr\u00e9paration de la pr\u00e9sente d\u00e9claration d'accessibilit\u00e9<\/span><\/h2><p><span style=\"font-weight: 400;\">Cette d\u00e9claration a \u00e9t\u00e9 pr\u00e9par\u00e9e le 29 d\u00e9cembre 2022.<\/span><\/p><p><span style=\"font-weight: 400;\">La m\u00e9thode utilis\u00e9e pour pr\u00e9parer la d\u00e9claration a \u00e9t\u00e9 une auto-\u00e9valuation r\u00e9alis\u00e9e par notre entreprise.<\/span><\/p><h2><span style=\"font-weight: 400;\">Remarques et coordonn\u00e9es<\/span><\/h2><p><span style=\"font-weight: 400;\">Vous pouvez faire des communications sur les exigences d'accessibilit\u00e9 (article 10.2.a) du d\u00e9cret royal 1112\/2018, du 7 septembre) comme, par exemple :<\/span><\/p><ul><li style=\"font-weight: 400;\" aria-level=\"1\"><span style=\"font-weight: 400;\">Pour signaler tout cas de non-conformit\u00e9 de ce site web.<\/span><\/li><li style=\"font-weight: 400;\" aria-level=\"1\"><span style=\"font-weight: 400;\">Transmettre d'autres difficult\u00e9s d'acc\u00e8s au contenu.<\/span><\/li><li style=\"font-weight: 400;\" aria-level=\"1\"><span style=\"font-weight: 400;\">de formuler toute autre demande ou suggestion d'am\u00e9lioration concernant l'accessibilit\u00e9 du site web.<\/span><\/li><\/ul><p><span style=\"font-weight: 400;\">Par les canaux suivants :<\/span><\/p><ul><li style=\"font-weight: 400;\" aria-level=\"1\"><span style=\"font-weight: 400;\">Courriel : ventas@tuyson.com<\/span><\/li><li style=\"font-weight: 400;\" aria-level=\"1\"><span style=\"font-weight: 400;\">Num\u00e9ros de t\u00e9l\u00e9phone : 691393010<\/span><\/li><\/ul><p><span style=\"font-weight: 400;\">Les communications seront re\u00e7ues et trait\u00e9es par le service client\u00e8le de Tuyson Europa sl.<\/span><span style=\"font-weight: 400;\">en tant qu'unit\u00e9 responsable du contenu de ce site web.<\/span><\/p><p><span style=\"font-weight: 400;\">Vous pouvez \u00e9galement demander un format accessible pour les informations qui ne sont pas conformes aux exigences d'accessibilit\u00e9, soit parce qu'elles sont exclues ou exempt\u00e9es en raison d'une charge disproportionn\u00e9e, ou d\u00e9poser une plainte pour non-respect des exigences d'accessibilit\u00e9. Lien vers  <\/span><a href=\"https:\/\/h2oplus.com.es\/contacto\/\">\n  <span style=\"font-weight: 400;\">formulaire de contact<\/span>\n<\/a><span style=\"font-weight: 400;\"> de l'article 12 de l'arr\u00eat\u00e9 royal 1112\/2018 du 7 septembre.<\/span><\/p><h2><span style=\"font-weight: 400;\">Proc\u00e9dure de candidature<\/span><\/h2><p><span style=\"font-weight: 400;\">Gr\u00e2ce \u00e0 notre formulaire de contact, vous pouvez d\u00e9poser une plainte pour conna\u00eetre et contester les raisons du rejet d'une demande d'informations accessibles ou d'une plainte, pour demander instamment l'adoption de mesures appropri\u00e9es si vous n'\u00eates pas d'accord avec la d\u00e9cision prise, ou pour indiquer les raisons pour lesquelles vous consid\u00e9rez que la r\u00e9ponse ne r\u00e9pond pas aux exigences.<\/span><\/p><h2><span style=\"font-weight: 400;\">Contenu optionnel<\/span><\/h2><p><span style=\"font-weight: 400;\">La version actuellement visible de ce site web date de janvier 2023 et le niveau d'accessibilit\u00e9 actuel a \u00e9t\u00e9 r\u00e9vis\u00e9 \u00e0 cette date.<\/span><\/p><p><span style=\"font-weight: 400;\">\u00c0 partir de cette date, des r\u00e9visions partielles seront effectu\u00e9es chaque ann\u00e9e sur les contenus web nouveaux ou modifi\u00e9s, tant sur les mod\u00e8les que sur les pages et documents finaux publi\u00e9s, afin de garantir le respect des exigences d'accessibilit\u00e9 de la norme UNE-EN 301549:2019, en tenant compte des exceptions du d\u00e9cret royal 1112\/2018, du 7 septembre.<\/span><\/p><p><span style=\"font-weight: 400;\">Les mesures suivantes sont notamment prises pour faciliter l'accessibilit\u00e9 :<\/span><\/p><ul><li style=\"font-weight: 400;\" aria-level=\"1\"><span style=\"font-weight: 400;\">Utilisation d'un texte alternatif sur les images<\/span><\/li><li style=\"font-weight: 400;\" aria-level=\"1\"><span style=\"font-weight: 400;\">Les liens fournissent des d\u00e9tails sur la fonction ou la destination de l'hyperlien.<\/span><\/li><li style=\"font-weight: 400;\" aria-level=\"1\"><span style=\"font-weight: 400;\">Utilisation des normes du W3C : XHTML 1.0, CSS 3.0, WAI AA.<\/span><\/li><\/ul><p><span style=\"font-weight: 400;\">Vous pouvez consulter les <\/span><a href=\"https:\/\/h2oplus.com.es\/aviso-legal\/\">\n  <span style=\"font-weight: 400;\">Mentions l\u00e9gales<\/span>\n<\/a><span style=\"font-weight: 400;\"> pour quels navigateurs et versions ce site est optimis\u00e9.<\/span><\/p>\n\t\t\t\t\t<\/div>\n\t\t\t\t\t\t<\/div>\n\t\t\t\t<\/div>\n\t\t\t\t\t<\/div>\n\t\t<\/div>\n\t\t\t\t\t<\/div>\n\t\t<\/section>\n\t\t\t\t<\/div>\n\t\t","protected":false},"excerpt":{"rendered":"<p>Tuyson Europe sl s&rsquo;engage \u00e0 rendre ses sites web accessibles conform\u00e9ment au Arr\u00eat\u00e9 royal 1112\/2018 du 7 septembre 2018 relatif<\/p>\n","protected":false},"author":1,"featured_media":0,"parent":0,"menu_order":0,"comment_status":"closed","ping_status":"closed","template":"","meta":{"_joinchat":[],"footnotes":""},"class_list":["post-9742","page","type-page","status-publish","hentry"],"yoast_head":"<!-- This site is optimized with the Yoast SEO plugin v24.5 - https:\/\/yoast.com\/wordpress\/plugins\/seo\/ -->\n<title>Accessibilit\u00e9 - h2oplus<\/title>\n<meta name=\"robots\" content=\"index, follow, max-snippet:-1, max-image-preview:large, max-video-preview:-1\" \/>\n<link rel=\"canonical\" href=\"https:\/\/h2oplus.com.es\/fr\/accessibilite\/\" \/>\n<meta property=\"og:locale\" content=\"fr_FR\" \/>\n<meta property=\"og:type\" content=\"article\" \/>\n<meta property=\"og:title\" content=\"Accessibilit\u00e9 - h2oplus\" \/>\n<meta property=\"og:description\" content=\"Tuyson Europe sl s&rsquo;engage \u00e0 rendre ses sites web accessibles conform\u00e9ment au Arr\u00eat\u00e9 royal 1112\/2018 du 7 septembre 2018 relatif\" \/>\n<meta property=\"og:url\" content=\"https:\/\/h2oplus.com.es\/fr\/accessibilite\/\" \/>\n<meta property=\"og:site_name\" content=\"h2oplus\" \/>\n<meta property=\"article:modified_time\" content=\"2024-05-14T15:44:24+00:00\" \/>\n<meta name=\"twitter:card\" content=\"summary_large_image\" \/>\n<meta name=\"twitter:label1\" content=\"Dur\u00e9e de lecture estim\u00e9e\" \/>\n\t<meta name=\"twitter:data1\" content=\"3 minutes\" \/>\n<script type=\"application\/ld+json\" class=\"yoast-schema-graph\">{\"@context\":\"https:\/\/schema.org\",\"@graph\":[{\"@type\":\"WebPage\",\"@id\":\"https:\/\/h2oplus.com.es\/fr\/accessibilite\/\",\"url\":\"https:\/\/h2oplus.com.es\/fr\/accessibilite\/\",\"name\":\"Accessibilit\u00e9 - h2oplus\",\"isPartOf\":{\"@id\":\"https:\/\/h2oplus.com.es\/fr\/#website\"},\"datePublished\":\"2023-07-07T10:43:04+00:00\",\"dateModified\":\"2024-05-14T15:44:24+00:00\",\"breadcrumb\":{\"@id\":\"https:\/\/h2oplus.com.es\/fr\/accessibilite\/#breadcrumb\"},\"inLanguage\":\"fr-FR\",\"potentialAction\":[{\"@type\":\"ReadAction\",\"target\":[\"https:\/\/h2oplus.com.es\/fr\/accessibilite\/\"]}]},{\"@type\":\"BreadcrumbList\",\"@id\":\"https:\/\/h2oplus.com.es\/fr\/accessibilite\/#breadcrumb\",\"itemListElement\":[{\"@type\":\"ListItem\",\"position\":1,\"name\":\"Portada\",\"item\":\"https:\/\/h2oplus.com.es\/fr\/\"},{\"@type\":\"ListItem\",\"position\":2,\"name\":\"Accessibilit\u00e9\"}]},{\"@type\":\"WebSite\",\"@id\":\"https:\/\/h2oplus.com.es\/fr\/#website\",\"url\":\"https:\/\/h2oplus.com.es\/fr\/\",\"name\":\"h2oplus\",\"description\":\"Pinturas y tratamientos especiales para una construcci\u00f3n sostenible\",\"potentialAction\":[{\"@type\":\"SearchAction\",\"target\":{\"@type\":\"EntryPoint\",\"urlTemplate\":\"https:\/\/h2oplus.com.es\/fr\/?s={search_term_string}\"},\"query-input\":{\"@type\":\"PropertyValueSpecification\",\"valueRequired\":true,\"valueName\":\"search_term_string\"}}],\"inLanguage\":\"fr-FR\"}]}<\/script>\n<!-- \/ Yoast SEO plugin. -->","yoast_head_json":{"title":"Accessibilit\u00e9 - h2oplus","robots":{"index":"index","follow":"follow","max-snippet":"max-snippet:-1","max-image-preview":"max-image-preview:large","max-video-preview":"max-video-preview:-1"},"canonical":"https:\/\/h2oplus.com.es\/fr\/accessibilite\/","og_locale":"fr_FR","og_type":"article","og_title":"Accessibilit\u00e9 - h2oplus","og_description":"Tuyson Europe sl s&rsquo;engage \u00e0 rendre ses sites web accessibles conform\u00e9ment au Arr\u00eat\u00e9 royal 1112\/2018 du 7 septembre 2018 relatif","og_url":"https:\/\/h2oplus.com.es\/fr\/accessibilite\/","og_site_name":"h2oplus","article_modified_time":"2024-05-14T15:44:24+00:00","twitter_card":"summary_large_image","twitter_misc":{"Dur\u00e9e de lecture estim\u00e9e":"3 minutes"},"schema":{"@context":"https:\/\/schema.org","@graph":[{"@type":"WebPage","@id":"https:\/\/h2oplus.com.es\/fr\/accessibilite\/","url":"https:\/\/h2oplus.com.es\/fr\/accessibilite\/","name":"Accessibilit\u00e9 - h2oplus","isPartOf":{"@id":"https:\/\/h2oplus.com.es\/fr\/#website"},"datePublished":"2023-07-07T10:43:04+00:00","dateModified":"2024-05-14T15:44:24+00:00","breadcrumb":{"@id":"https:\/\/h2oplus.com.es\/fr\/accessibilite\/#breadcrumb"},"inLanguage":"fr-FR","potentialAction":[{"@type":"ReadAction","target":["https:\/\/h2oplus.com.es\/fr\/accessibilite\/"]}]},{"@type":"BreadcrumbList","@id":"https:\/\/h2oplus.com.es\/fr\/accessibilite\/#breadcrumb","itemListElement":[{"@type":"ListItem","position":1,"name":"Portada","item":"https:\/\/h2oplus.com.es\/fr\/"},{"@type":"ListItem","position":2,"name":"Accessibilit\u00e9"}]},{"@type":"WebSite","@id":"https:\/\/h2oplus.com.es\/fr\/#website","url":"https:\/\/h2oplus.com.es\/fr\/","name":"h2oplus","description":"Pinturas y tratamientos especiales para una construcci\u00f3n sostenible","potentialAction":[{"@type":"SearchAction","target":{"@type":"EntryPoint","urlTemplate":"https:\/\/h2oplus.com.es\/fr\/?s={search_term_string}"},"query-input":{"@type":"PropertyValueSpecification","valueRequired":true,"valueName":"search_term_string"}}],"inLanguage":"fr-FR"}]}},"_links":{"self":[{"href":"https:\/\/h2oplus.com.es\/fr\/wp-json\/wp\/v2\/pages\/9742","targetHints":{"allow":["GET"]}}],"collection":[{"href":"https:\/\/h2oplus.com.es\/fr\/wp-json\/wp\/v2\/pages"}],"about":[{"href":"https:\/\/h2oplus.com.es\/fr\/wp-json\/wp\/v2\/types\/page"}],"author":[{"embeddable":true,"href":"https:\/\/h2oplus.com.es\/fr\/wp-json\/wp\/v2\/users\/1"}],"replies":[{"embeddable":true,"href":"https:\/\/h2oplus.com.es\/fr\/wp-json\/wp\/v2\/comments?post=9742"}],"version-history":[{"count":1,"href":"https:\/\/h2oplus.com.es\/fr\/wp-json\/wp\/v2\/pages\/9742\/revisions"}],"predecessor-version":[{"id":9743,"href":"https:\/\/h2oplus.com.es\/fr\/wp-json\/wp\/v2\/pages\/9742\/revisions\/9743"}],"wp:attachment":[{"href":"https:\/\/h2oplus.com.es\/fr\/wp-json\/wp\/v2\/media?parent=9742"}],"curies":[{"name":"wp","href":"https:\/\/api.w.org\/{rel}","templated":true}]}}